{"id":1800,"date":"2023-09-22T10:43:26","date_gmt":"2023-09-22T10:43:26","guid":{"rendered":"https:\/\/foralhukuk.com\/?page_id=1800"},"modified":"2024-12-30T12:19:35","modified_gmt":"2024-12-30T12:19:35","slug":"404-page","status":"publish","type":"page","link":"https:\/\/foralhukuk.com\/en\/404-page\/","title":{"rendered":"404"},"content":{"rendered":"<div data-elementor-type=\"wp-page\" data-elementor-id=\"1800\" class=\"elementor elementor-1800\">\n\t\t\t\t\t\t<section class=\"elementor-section elementor-top-section elementor-element elementor-element-96f6204 elementor-section-height-min-height elementor-section-boxed elementor-section-height-default elementor-section-items-middle\" data-id=\"96f6204\" data-element_type=\"section\" data-settings=\"{&quot;background_background&quot;:&quot;classic&quot;,&quot;wdt_bg_image&quot;:{&quot;url&quot;:&quot;&quot;,&quot;id&quot;:&quot;&quot;,&quot;size&quot;:&quot;&quot;},&quot;wdt_bg_image_laptop&quot;:{&quot;url&quot;:&quot;&quot;,&quot;id&quot;:&quot;&quot;,&quot;size&quot;:&quot;&quot;},&quot;wdt_bg_image_tablet_extra&quot;:{&quot;url&quot;:&quot;&quot;,&quot;id&quot;:&quot;&quot;,&quot;size&quot;:&quot;&quot;},&quot;wdt_bg_image_tablet&quot;:{&quot;url&quot;:&quot;&quot;,&quot;id&quot;:&quot;&quot;,&quot;size&quot;:&quot;&quot;},&quot;wdt_bg_image_mobile_extra&quot;:{&quot;url&quot;:&quot;&quot;,&quot;id&quot;:&quot;&quot;,&quot;size&quot;:&quot;&quot;},&quot;wdt_bg_image_mobile&quot;:{&quot;url&quot;:&quot;&quot;,&quot;id&quot;:&quot;&quot;,&quot;size&quot;:&quot;&quot;},&quot;wdt_bg_position&quot;:&quot;center center&quot;,&quot;wdt_animation_effect&quot;:&quot;none&quot;}\">\n\t\t\t\t\t\t\t<div class=\"elementor-background-overlay\"><\/div>\n\t\t\t\t\t\t\t<div class=\"elementor-container elementor-column-gap-no\">\n\t\t\t\t\t<div class=\"elementor-column elementor-col-100 elementor-top-column elementor-element elementor-element-30699ca\" data-id=\"30699ca\" data-element_type=\"column\">\n\t\t\t<div class=\"elementor-widget-wrap elementor-element-populated\">\n\t\t\t\t\t\t<section class=\"elementor-section elementor-inner-section elementor-element elementor-element-91bb191 elementor-section-full_width elementor-reverse-tablet elementor-reverse-mobile_extra elementor-reverse-mobile elementor-section-height-default elementor-section-height-default\" data-id=\"91bb191\" data-element_type=\"section\" data-settings=\"{&quot;wdt_bg_image&quot;:{&quot;url&quot;:&quot;&quot;,&quot;id&quot;:&quot;&quot;,&quot;size&quot;:&quot;&quot;},&quot;wdt_bg_image_laptop&quot;:{&quot;url&quot;:&quot;&quot;,&quot;id&quot;:&quot;&quot;,&quot;size&quot;:&quot;&quot;},&quot;wdt_bg_image_tablet_extra&quot;:{&quot;url&quot;:&quot;&quot;,&quot;id&quot;:&quot;&quot;,&quot;size&quot;:&quot;&quot;},&quot;wdt_bg_image_tablet&quot;:{&quot;url&quot;:&quot;&quot;,&quot;id&quot;:&quot;&quot;,&quot;size&quot;:&quot;&quot;},&quot;wdt_bg_image_mobile_extra&quot;:{&quot;url&quot;:&quot;&quot;,&quot;id&quot;:&quot;&quot;,&quot;size&quot;:&quot;&quot;},&quot;wdt_bg_image_mobile&quot;:{&quot;url&quot;:&quot;&quot;,&quot;id&quot;:&quot;&quot;,&quot;size&quot;:&quot;&quot;},&quot;wdt_bg_position&quot;:&quot;center center&quot;,&quot;wdt_animation_effect&quot;:&quot;none&quot;}\">\n\t\t\t\t\t\t<div class=\"elementor-container elementor-column-gap-no\">\n\t\t\t\t\t<div class=\"elementor-column elementor-col-50 elementor-inner-column elementor-element elementor-element-15bcd2e\" data-id=\"15bcd2e\" data-element_type=\"column\">\n\t\t\t<div class=\"elementor-widget-wrap elementor-element-populated\">\n\t\t\t\t\t\t<div class=\"elementor-element elementor-element-3b363ae wdt-cus-error-page-heading elementor-widget elementor-widget-wdt-heading\" data-id=\"3b363ae\" data-element_type=\"widget\" data-settings=\"{&quot;wdt_animation_effect&quot;:&quot;none&quot;}\" data-widget_type=\"wdt-heading.default\">\n\t\t\t\t<div class=\"elementor-widget-container\">\n\t\t\t\t\t<div class=\"wdt-heading-holder\" id=\"wdt-heading-3b363ae\"><div class=\"wdt-heading-subtitle-wrapper wdt-heading-align-\"><span class=\"wdt-heading-subtitle\">HAY AKS\u0130!<\/span><\/div><h2 class=\"wdt-heading-title-wrapper wdt-heading-align- wdt-heading-deco-wrapper\"><span class=\"wdt-heading-title\">404<\/span><\/h2><div class=\"wdt-heading-content-wrapper\">Sayfa Bulunamad\u0131<\/div><\/div>\t\t\t\t<\/div>\n\t\t\t\t<\/div>\n\t\t\t\t<div class=\"elementor-element elementor-element-4529f0b elementor-widget elementor-widget-wdt-button\" data-id=\"4529f0b\" data-element_type=\"widget\" data-settings=\"{&quot;wdt_animation_effect&quot;:&quot;none&quot;}\" data-widget_type=\"wdt-button.default\">\n\t\t\t\t<div class=\"elementor-widget-container\">\n\t\t\t\t\t<div class=\"wdt-button-holder wdt-template-filled wdt-button-link wdt-button-style-default wdt-button-size-nm wdt-animation- wdt-button-icon-after\" id=\"wdt-button-4529f0b\"><a class=\"wdt-button\" href=\"https:\/\/foralhukuk.com\/en\/\"><div class=\"wdt-button-text\"><span>Ana Sayfaya D\u00f6n<\/span><\/div><div class=\"wdt-button-icon\"><span><i><svg xmlns=\"http:\/\/www.w3.org\/2000\/svg\" xmlns:xlink=\"http:\/\/www.w3.org\/1999\/xlink\" x=\"0px\" y=\"0px\" viewbox=\"0 0 30.2 25.9\" style=\"enable-background:new 0 0 30.2 25.9;\" xml:space=\"preserve\"><path d=\"M19.8,3.7c-0.4-0.4-1-0.4-1.4,0c-0.4,0.4-0.4,1,0,1.3l6.9,6.9H2.5c-0.5,0-1,0.4-1,1c0,0.5,0.4,1,1,1h22.8l-6.9,6.9 c-0.4,0.4-0.4,1,0,1.4c0.4,0.4,1,0.4,1.4,0l8.5-8.5c0.4-0.4,0.4-1,0-1.3L19.8,3.7z\"><\/path><\/svg><\/i><\/span><\/div><\/a><\/div>\t\t\t\t<\/div>\n\t\t\t\t<\/div>\n\t\t\t\t\t<\/div>\n\t\t<\/div>\n\t\t\t\t<div class=\"elementor-column elementor-col-50 elementor-inner-column elementor-element elementor-element-91627ea\" data-id=\"91627ea\" data-element_type=\"column\">\n\t\t\t<div class=\"elementor-widget-wrap elementor-element-populated\">\n\t\t\t\t\t\t<div class=\"elementor-element elementor-element-b90ad56 elementor-widget elementor-widget-image\" data-id=\"b90ad56\" data-element_type=\"widget\" data-settings=\"{&quot;wdt_animation_effect&quot;:&quot;none&quot;}\" data-widget_type=\"image.default\">\n\t\t\t\t<div class=\"elementor-widget-container\">\n\t\t\t\t\t\t\t\t\t\t\t\t\t\t\t<img fetchpriority=\"high\" decoding=\"async\" width=\"800\" height=\"645\" src=\"https:\/\/foralhukuk.com\/wp-content\/uploads\/2023\/10\/tab-png-5.png\" class=\"attachment-full size-full wp-image-2365\" alt=\"\" srcset=\"https:\/\/foralhukuk.com\/wp-content\/uploads\/2023\/10\/tab-png-5.png 800w, https:\/\/foralhukuk.com\/wp-content\/uploads\/2023\/10\/tab-png-5-300x242.png 300w, https:\/\/foralhukuk.com\/wp-content\/uploads\/2023\/10\/tab-png-5-768x619.png 768w\" sizes=\"(max-width: 800px) 100vw, 800px\" \/>\t\t\t\t\t\t\t\t\t\t\t\t\t\t\t<\/div>\n\t\t\t\t<\/div>\n\t\t\t\t\t<\/div>\n\t\t<\/div>\n\t\t\t\t\t<\/div>\n\t\t<\/section>\n\t\t\t\t\t<\/div>\n\t\t<\/div>\n\t\t\t\t\t<\/div>\n\t\t<\/section>\n\t\t\t\t<\/div>","protected":false},"excerpt":{"rendered":"<p>HAY AKS\u0130! 404 Sayfa Bulunamad\u0131 Ana Sayfaya D\u00f6n<\/p>","protected":false},"author":2,"featured_media":0,"parent":0,"menu_order":0,"comment_status":"closed","ping_status":"closed","template":"elementor_header_footer","meta":{"_themeisle_gutenberg_block_has_review":false,"footnotes":""},"class_list":["post-1800","page","type-page","status-publish","hentry"],"yoast_head":"<!-- This site is optimized with the Yoast SEO plugin v24.1 - https:\/\/yoast.com\/wordpress\/plugins\/seo\/ -->\n<title>404 - Foral<\/title>\n<meta name=\"robots\" content=\"index, follow, max-snippet:-1, max-image-preview:large, max-video-preview:-1\" \/>\n<link rel=\"canonical\" href=\"https:\/\/foralhukuk.com\/en\/404-page\/\" \/>\n<meta property=\"og:locale\" content=\"en_US\" \/>\n<meta property=\"og:type\" content=\"article\" \/>\n<meta property=\"og:title\" content=\"404 - Foral\" \/>\n<meta property=\"og:description\" content=\"HAY AKS\u0130! 404 Sayfa Bulunamad\u0131 Ana Sayfaya D\u00f6n\" \/>\n<meta property=\"og:url\" content=\"https:\/\/foralhukuk.com\/en\/404-page\/\" \/>\n<meta property=\"og:site_name\" content=\"Foral\" \/>\n<meta property=\"article:modified_time\" content=\"2024-12-30T12:19:35+00:00\" \/>\n<meta property=\"og:image\" content=\"https:\/\/foralhukuk.com\/wp-content\/uploads\/2023\/10\/tab-png-5.png\" \/>\n<meta name=\"twitter:card\" content=\"summary_large_image\" \/>\n<script type=\"application\/ld+json\" class=\"yoast-schema-graph\">{\"@context\":\"https:\/\/schema.org\",\"@graph\":[{\"@type\":\"WebPage\",\"@id\":\"https:\/\/foralhukuk.com\/404-page\/\",\"url\":\"https:\/\/foralhukuk.com\/404-page\/\",\"name\":\"404 - Foral\",\"isPartOf\":{\"@id\":\"https:\/\/foralhukuk.com\/#website\"},\"primaryImageOfPage\":{\"@id\":\"https:\/\/foralhukuk.com\/404-page\/#primaryimage\"},\"image\":{\"@id\":\"https:\/\/foralhukuk.com\/404-page\/#primaryimage\"},\"thumbnailUrl\":\"https:\/\/foralhukuk.com\/wp-content\/uploads\/2023\/10\/tab-png-5.png\",\"datePublished\":\"2023-09-22T10:43:26+00:00\",\"dateModified\":\"2024-12-30T12:19:35+00:00\",\"breadcrumb\":{\"@id\":\"https:\/\/foralhukuk.com\/404-page\/#breadcrumb\"},\"inLanguage\":\"en-US\",\"potentialAction\":[{\"@type\":\"ReadAction\",\"target\":[\"https:\/\/foralhukuk.com\/404-page\/\"]}]},{\"@type\":\"ImageObject\",\"inLanguage\":\"en-US\",\"@id\":\"https:\/\/foralhukuk.com\/404-page\/#primaryimage\",\"url\":\"https:\/\/foralhukuk.com\/wp-content\/uploads\/2023\/10\/tab-png-5.png\",\"contentUrl\":\"https:\/\/foralhukuk.com\/wp-content\/uploads\/2023\/10\/tab-png-5.png\"},{\"@type\":\"BreadcrumbList\",\"@id\":\"https:\/\/foralhukuk.com\/404-page\/#breadcrumb\",\"itemListElement\":[{\"@type\":\"ListItem\",\"position\":1,\"name\":\"Anasayfa\",\"item\":\"https:\/\/foralhukuk.com\/\"},{\"@type\":\"ListItem\",\"position\":2,\"name\":\"404\"}]},{\"@type\":\"WebSite\",\"@id\":\"https:\/\/foralhukuk.com\/#website\",\"url\":\"https:\/\/foralhukuk.com\/\",\"name\":\"Foral Hukuk ve Dan\u0131\u015fmanl\u0131k\",\"description\":\"Hukuk ve Dan\u0131\u015fmanl\u0131k\",\"publisher\":{\"@id\":\"https:\/\/foralhukuk.com\/#organization\"},\"potentialAction\":[{\"@type\":\"SearchAction\",\"target\":{\"@type\":\"EntryPoint\",\"urlTemplate\":\"https:\/\/foralhukuk.com\/?s={search_term_string}\"},\"query-input\":{\"@type\":\"PropertyValueSpecification\",\"valueRequired\":true,\"valueName\":\"search_term_string\"}}],\"inLanguage\":\"en-US\"},{\"@type\":\"Organization\",\"@id\":\"https:\/\/foralhukuk.com\/#organization\",\"name\":\"Foral Hukuk ve Dan\u0131\u015fmanl\u0131k\",\"url\":\"https:\/\/foralhukuk.com\/\",\"logo\":{\"@type\":\"ImageObject\",\"inLanguage\":\"en-US\",\"@id\":\"https:\/\/foralhukuk.com\/#\/schema\/logo\/image\/\",\"url\":\"https:\/\/foralhukuk.com\/wp-content\/uploads\/2024\/12\/foralnewlogo-copy.webp\",\"contentUrl\":\"https:\/\/foralhukuk.com\/wp-content\/uploads\/2024\/12\/foralnewlogo-copy.webp\",\"width\":800,\"height\":255,\"caption\":\"Foral Hukuk ve Dan\u0131\u015fmanl\u0131k\"},\"image\":{\"@id\":\"https:\/\/foralhukuk.com\/#\/schema\/logo\/image\/\"}}]}<\/script>\n<!-- \/ Yoast SEO plugin. -->","yoast_head_json":{"title":"404 - Foral","robots":{"index":"index","follow":"follow","max-snippet":"max-snippet:-1","max-image-preview":"max-image-preview:large","max-video-preview":"max-video-preview:-1"},"canonical":"https:\/\/foralhukuk.com\/en\/404-page\/","og_locale":"en_US","og_type":"article","og_title":"404 - Foral","og_description":"HAY AKS\u0130! 404 Sayfa Bulunamad\u0131 Ana Sayfaya D\u00f6n","og_url":"https:\/\/foralhukuk.com\/en\/404-page\/","og_site_name":"Foral","article_modified_time":"2024-12-30T12:19:35+00:00","og_image":[{"url":"https:\/\/foralhukuk.com\/wp-content\/uploads\/2023\/10\/tab-png-5.png","type":"","width":"","height":""}],"twitter_card":"summary_large_image","schema":{"@context":"https:\/\/schema.org","@graph":[{"@type":"WebPage","@id":"https:\/\/foralhukuk.com\/404-page\/","url":"https:\/\/foralhukuk.com\/404-page\/","name":"404 - Foral","isPartOf":{"@id":"https:\/\/foralhukuk.com\/#website"},"primaryImageOfPage":{"@id":"https:\/\/foralhukuk.com\/404-page\/#primaryimage"},"image":{"@id":"https:\/\/foralhukuk.com\/404-page\/#primaryimage"},"thumbnailUrl":"https:\/\/foralhukuk.com\/wp-content\/uploads\/2023\/10\/tab-png-5.png","datePublished":"2023-09-22T10:43:26+00:00","dateModified":"2024-12-30T12:19:35+00:00","breadcrumb":{"@id":"https:\/\/foralhukuk.com\/404-page\/#breadcrumb"},"inLanguage":"en-US","potentialAction":[{"@type":"ReadAction","target":["https:\/\/foralhukuk.com\/404-page\/"]}]},{"@type":"ImageObject","inLanguage":"en-US","@id":"https:\/\/foralhukuk.com\/404-page\/#primaryimage","url":"https:\/\/foralhukuk.com\/wp-content\/uploads\/2023\/10\/tab-png-5.png","contentUrl":"https:\/\/foralhukuk.com\/wp-content\/uploads\/2023\/10\/tab-png-5.png"},{"@type":"BreadcrumbList","@id":"https:\/\/foralhukuk.com\/404-page\/#breadcrumb","itemListElement":[{"@type":"ListItem","position":1,"name":"Anasayfa","item":"https:\/\/foralhukuk.com\/"},{"@type":"ListItem","position":2,"name":"404"}]},{"@type":"WebSite","@id":"https:\/\/foralhukuk.com\/#website","url":"https:\/\/foralhukuk.com\/","name":"Foral Hukuk ve Dan\u0131\u015fmanl\u0131k","description":"Hukuk ve Dan\u0131\u015fmanl\u0131k","publisher":{"@id":"https:\/\/foralhukuk.com\/#organization"},"potentialAction":[{"@type":"SearchAction","target":{"@type":"EntryPoint","urlTemplate":"https:\/\/foralhukuk.com\/?s={search_term_string}"},"query-input":{"@type":"PropertyValueSpecification","valueRequired":true,"valueName":"search_term_string"}}],"inLanguage":"en-US"},{"@type":"Organization","@id":"https:\/\/foralhukuk.com\/#organization","name":"Foral Hukuk ve Dan\u0131\u015fmanl\u0131k","url":"https:\/\/foralhukuk.com\/","logo":{"@type":"ImageObject","inLanguage":"en-US","@id":"https:\/\/foralhukuk.com\/#\/schema\/logo\/image\/","url":"https:\/\/foralhukuk.com\/wp-content\/uploads\/2024\/12\/foralnewlogo-copy.webp","contentUrl":"https:\/\/foralhukuk.com\/wp-content\/uploads\/2024\/12\/foralnewlogo-copy.webp","width":800,"height":255,"caption":"Foral Hukuk ve Dan\u0131\u015fmanl\u0131k"},"image":{"@id":"https:\/\/foralhukuk.com\/#\/schema\/logo\/image\/"}}]}},"_links":{"self":[{"href":"https:\/\/foralhukuk.com\/en\/wp-json\/wp\/v2\/pages\/1800","targetHints":{"allow":["GET"]}}],"collection":[{"href":"https:\/\/foralhukuk.com\/en\/wp-json\/wp\/v2\/pages"}],"about":[{"href":"https:\/\/foralhukuk.com\/en\/wp-json\/wp\/v2\/types\/page"}],"author":[{"embeddable":true,"href":"https:\/\/foralhukuk.com\/en\/wp-json\/wp\/v2\/users\/2"}],"replies":[{"embeddable":true,"href":"https:\/\/foralhukuk.com\/en\/wp-json\/wp\/v2\/comments?post=1800"}],"version-history":[{"count":4,"href":"https:\/\/foralhukuk.com\/en\/wp-json\/wp\/v2\/pages\/1800\/revisions"}],"predecessor-version":[{"id":2804,"href":"https:\/\/foralhukuk.com\/en\/wp-json\/wp\/v2\/pages\/1800\/revisions\/2804"}],"wp:attachment":[{"href":"https:\/\/foralhukuk.com\/en\/wp-json\/wp\/v2\/media?parent=1800"}],"curies":[{"name":"wp","href":"https:\/\/api.w.org\/{rel}","templated":true}]}}