{"id":257,"date":"2023-06-07T06:41:09","date_gmt":"2023-06-07T06:41:09","guid":{"rendered":"https:\/\/foralhukuk.com\/?page_id=257"},"modified":"2025-01-03T05:43:07","modified_gmt":"2025-01-03T05:43:07","slug":"hukuki-yazilar","status":"publish","type":"page","link":"https:\/\/foralhukuk.com\/en\/hukuki-yazilar\/","title":{"rendered":"Legal Articles"},"content":{"rendered":"<div data-elementor-type=\"wp-page\" data-elementor-id=\"257\" class=\"elementor elementor-257\">\n\t\t\t\t\t\t<section class=\"elementor-section elementor-top-section elementor-element elementor-element-2fb7517 elementor-section-full_width elementor-section-stretched elementor-section-height-default elementor-section-height-default\" data-id=\"2fb7517\" data-element_type=\"section\" data-settings=\"{&quot;stretch_section&quot;:&quot;section-stretched&quot;,&quot;wdt_bg_image&quot;:{&quot;url&quot;:&quot;&quot;,&quot;id&quot;:&quot;&quot;,&quot;size&quot;:&quot;&quot;},&quot;wdt_bg_image_laptop&quot;:{&quot;url&quot;:&quot;&quot;,&quot;id&quot;:&quot;&quot;,&quot;size&quot;:&quot;&quot;},&quot;wdt_bg_image_tablet_extra&quot;:{&quot;url&quot;:&quot;&quot;,&quot;id&quot;:&quot;&quot;,&quot;size&quot;:&quot;&quot;},&quot;wdt_bg_image_tablet&quot;:{&quot;url&quot;:&quot;&quot;,&quot;id&quot;:&quot;&quot;,&quot;size&quot;:&quot;&quot;},&quot;wdt_bg_image_mobile_extra&quot;:{&quot;url&quot;:&quot;&quot;,&quot;id&quot;:&quot;&quot;,&quot;size&quot;:&quot;&quot;},&quot;wdt_bg_image_mobile&quot;:{&quot;url&quot;:&quot;&quot;,&quot;id&quot;:&quot;&quot;,&quot;size&quot;:&quot;&quot;},&quot;wdt_bg_position&quot;:&quot;center center&quot;,&quot;wdt_animation_effect&quot;:&quot;none&quot;}\">\n\t\t\t\t\t\t<div class=\"elementor-container elementor-column-gap-no\">\n\t\t\t\t\t<div class=\"elementor-column elementor-col-100 elementor-top-column elementor-element elementor-element-d65afa0\" data-id=\"d65afa0\" data-element_type=\"column\">\n\t\t\t<div class=\"elementor-widget-wrap elementor-element-populated\">\n\t\t\t\t\t\t<section class=\"elementor-section elementor-inner-section elementor-element elementor-element-2f927e2 elementor-section-full_width elementor-section-height-default elementor-section-height-default\" data-id=\"2f927e2\" data-element_type=\"section\" data-settings=\"{&quot;wdt_bg_image&quot;:{&quot;url&quot;:&quot;&quot;,&quot;id&quot;:&quot;&quot;,&quot;size&quot;:&quot;&quot;},&quot;wdt_bg_image_laptop&quot;:{&quot;url&quot;:&quot;&quot;,&quot;id&quot;:&quot;&quot;,&quot;size&quot;:&quot;&quot;},&quot;wdt_bg_image_tablet_extra&quot;:{&quot;url&quot;:&quot;&quot;,&quot;id&quot;:&quot;&quot;,&quot;size&quot;:&quot;&quot;},&quot;wdt_bg_image_tablet&quot;:{&quot;url&quot;:&quot;&quot;,&quot;id&quot;:&quot;&quot;,&quot;size&quot;:&quot;&quot;},&quot;wdt_bg_image_mobile_extra&quot;:{&quot;url&quot;:&quot;&quot;,&quot;id&quot;:&quot;&quot;,&quot;size&quot;:&quot;&quot;},&quot;wdt_bg_image_mobile&quot;:{&quot;url&quot;:&quot;&quot;,&quot;id&quot;:&quot;&quot;,&quot;size&quot;:&quot;&quot;},&quot;wdt_bg_position&quot;:&quot;center center&quot;,&quot;wdt_animation_effect&quot;:&quot;none&quot;}\">\n\t\t\t\t\t\t<div class=\"elementor-container elementor-column-gap-no\">\n\t\t\t\t\t<div class=\"elementor-column elementor-col-100 elementor-inner-column elementor-element elementor-element-7c41e47\" data-id=\"7c41e47\" data-element_type=\"column\">\n\t\t\t<div class=\"elementor-widget-wrap elementor-element-populated\">\n\t\t\t\t\t\t<div class=\"elementor-element elementor-element-2e8b8bd elementor-widget elementor-widget-wdt-blog-posts\" data-id=\"2e8b8bd\" data-element_type=\"widget\" data-settings=\"{&quot;wdt_animation_effect&quot;:&quot;none&quot;}\" data-widget_type=\"wdt-blog-posts.default\">\n\t\t\t\t<div class=\"elementor-widget-container\">\n\t\t\t\t\t<div class=\"wdt-posts-list-wrapper  wdt-post-list-carousel-2e8b8bd\" ><div class='tpl-blog-holder  apply-equal-height'><div class='grid-sizer  entry-grid-layout wdt-simple-style wdt-fadeinleft-hover wdt-default-overlay alignnone column wdt-one-half wdt-post-entry'><\/div><div class=\"entry-grid-layout wdt-simple-style wdt-fadeinleft-hover wdt-default-overlay alignnone column wdt-one-half wdt-post-entry\"><article id=\"post-2764\" class=\"post-2764 post type-post status-publish format-standard has-post-thumbnail hentry category-hukuki-danismanlik-uyusmazlik-takibi tag-miras tag-miras-hukuku blog-entry\">\r\n\r\n\r\n\t<!-- Featured Image -->\r\n\t<div class=\"entry-thumb\">\r\n\t\t\r\n<a href=\"https:\/\/foralhukuk.com\/en\/haklariniz-ve-geleceginizi-guvence-altina-alin\/\" title=\"Permalink to Haklar\u0131n\u0131z ve Gelece\u011finizi G\u00fcvence Alt\u0131na Al\u0131n\"><img fetchpriority=\"high\" decoding=\"async\" width=\"1600\" height=\"800\" src=\"https:\/\/foralhukuk.com\/wp-content\/uploads\/2024\/12\/laww2.webp\" class=\"attachment-wdt-blog-ii-column size-wdt-blog-ii-column wp-post-image\" alt=\"\" srcset=\"https:\/\/foralhukuk.com\/wp-content\/uploads\/2024\/12\/laww2.webp 1600w, https:\/\/foralhukuk.com\/wp-content\/uploads\/2024\/12\/laww2-300x150.webp 300w, https:\/\/foralhukuk.com\/wp-content\/uploads\/2024\/12\/laww2-1024x512.webp 1024w, https:\/\/foralhukuk.com\/wp-content\/uploads\/2024\/12\/laww2-768x384.webp 768w, https:\/\/foralhukuk.com\/wp-content\/uploads\/2024\/12\/laww2-1536x768.webp 1536w\" sizes=\"(max-width: 1600px) 100vw, 1600px\" \/><\/a>\r\n        <\/div><!-- Featured Image --><div class=\"entry-meta-group\">\r\n<!-- Entry Date -->\r\n<div class=\"entry-date\">\r\n\t<!-- <i class=\"wdticon-calendar\"> <\/i> -->\r\n\tDecember 30, 2024<\/div><!-- Entry Date --><\/div>\r\n<!-- Entry Title -->\r\n<div class=\"entry-title\">\r\n\t<h4>    \t<a href=\"https:\/\/foralhukuk.com\/en\/haklariniz-ve-geleceginizi-guvence-altina-alin\/\" title=\"Permalink to Haklar\u0131n\u0131z ve Gelece\u011finizi G\u00fcvence Alt\u0131na Al\u0131n\">Secure Your Rights and Future<\/a>\r\n\t<\/h4>\r\n<\/div><!-- Entry Title -->\r\n\t<div class=\"entry-body\"><p>What is Inheritance Law? Inheritance law regulates to whom and how a person's assets will be transferred after his or her death.<\/p><\/div>\r\n\r\n<!-- Entry Button --><div class=\"entry-button wdt-core-button\"><a href=\"https:\/\/foralhukuk.com\/en\/haklariniz-ve-geleceginizi-guvence-altina-alin\/\" title=\"Secure Your Rights and Future\" class=\"wdt-button\">Read More<span><svg xmlns=\"http:\/\/www.w3.org\/2000\/svg\" xmlns:xlink=\"http:\/\/www.w3.org\/1999\/xlink\" x=\"0px\" y=\"0px\" viewbox=\"0 0 100 59\" style=\"enable-background:new 0 0 100 59;\" xml:space=\"preserve\"><polygon points=\"59.9,6.1 79.4,25.7 6,25.7 6,33.3 79.4,33.3 59.9,52.9 65.3,58.2 94,29.5 65.3,0.8 \"><\/polygon><\/svg><\/span><\/a><\/div><!-- Entry Button --><\/article><\/div><div class=\"entry-grid-layout wdt-simple-style wdt-fadeinleft-hover wdt-default-overlay alignnone column wdt-one-half wdt-post-entry\"><article id=\"post-2761\" class=\"post-2761 post type-post status-publish format-standard has-post-thumbnail hentry category-fikri-mulkiyet tag-fikri-mulkiyet tag-marka-hukuku tag-tasarim-hukuku blog-entry\">\r\n\r\n\r\n\t<!-- Featured Image -->\r\n\t<div class=\"entry-thumb\">\r\n\t\t\r\n<a href=\"https:\/\/foralhukuk.com\/en\/fikri-mulkiyet-nedir-yaraticiliginizi-koruyun\/\" title=\"Permalink to Fikri M\u00fclkiyet Nedir? Yarat\u0131c\u0131l\u0131\u011f\u0131n\u0131z\u0131 Koruyun\"><img decoding=\"async\" width=\"1600\" height=\"800\" src=\"https:\/\/foralhukuk.com\/wp-content\/uploads\/2024\/12\/laww.webp\" class=\"attachment-wdt-blog-ii-column size-wdt-blog-ii-column wp-post-image\" alt=\"\" srcset=\"https:\/\/foralhukuk.com\/wp-content\/uploads\/2024\/12\/laww.webp 1600w, https:\/\/foralhukuk.com\/wp-content\/uploads\/2024\/12\/laww-300x150.webp 300w, https:\/\/foralhukuk.com\/wp-content\/uploads\/2024\/12\/laww-1024x512.webp 1024w, https:\/\/foralhukuk.com\/wp-content\/uploads\/2024\/12\/laww-768x384.webp 768w, https:\/\/foralhukuk.com\/wp-content\/uploads\/2024\/12\/laww-1536x768.webp 1536w\" sizes=\"(max-width: 1600px) 100vw, 1600px\" \/><\/a>\r\n        <\/div><!-- Featured Image --><div class=\"entry-meta-group\">\r\n<!-- Entry Date -->\r\n<div class=\"entry-date\">\r\n\t<!-- <i class=\"wdticon-calendar\"> <\/i> -->\r\n\tDecember 30, 2024<\/div><!-- Entry Date --><\/div>\r\n<!-- Entry Title -->\r\n<div class=\"entry-title\">\r\n\t<h4>    \t<a href=\"https:\/\/foralhukuk.com\/en\/fikri-mulkiyet-nedir-yaraticiliginizi-koruyun\/\" title=\"Permalink to Fikri M\u00fclkiyet Nedir? Yarat\u0131c\u0131l\u0131\u011f\u0131n\u0131z\u0131 Koruyun\">What is Intellectual Property? Protect Your Creativity<\/a>\r\n\t<\/h4>\r\n<\/div><!-- Entry Title -->\r\n\t<div class=\"entry-body\"><p>What is Intellectual Property Law? Intellectual property law aims to protect the intellectual values that are the product of human creativity.<\/p><\/div>\r\n\r\n<!-- Entry Button --><div class=\"entry-button wdt-core-button\"><a href=\"https:\/\/foralhukuk.com\/en\/fikri-mulkiyet-nedir-yaraticiliginizi-koruyun\/\" title=\"What is Intellectual Property? Protect Your Creativity\" class=\"wdt-button\">Read More<span><svg xmlns=\"http:\/\/www.w3.org\/2000\/svg\" xmlns:xlink=\"http:\/\/www.w3.org\/1999\/xlink\" x=\"0px\" y=\"0px\" viewbox=\"0 0 100 59\" style=\"enable-background:new 0 0 100 59;\" xml:space=\"preserve\"><polygon points=\"59.9,6.1 79.4,25.7 6,25.7 6,33.3 79.4,33.3 59.9,52.9 65.3,58.2 94,29.5 65.3,0.8 \"><\/polygon><\/svg><\/span><\/a><\/div><!-- Entry Button --><\/article><\/div><div class=\"entry-grid-layout wdt-simple-style wdt-fadeinleft-hover wdt-default-overlay alignnone column wdt-one-half wdt-post-entry\"><article id=\"post-2753\" class=\"post-2753 post type-post status-publish format-standard has-post-thumbnail hentry category-hukuki-danismanlik-uyusmazlik-takibi tag-kurumsal tag-sozlesmeler tag-ticaret-hukuku blog-entry\">\r\n\r\n\r\n\t<!-- Featured Image -->\r\n\t<div class=\"entry-thumb\">\r\n\t\t\r\n<a href=\"https:\/\/foralhukuk.com\/en\/ticaret-hukuku-ve-isletmeler-icin-onemi\/\" title=\"Permalink to Ticaret Hukuku ve \u0130\u015fletmeler \u0130\u00e7in \u00d6nemi\"><img decoding=\"async\" width=\"1600\" height=\"800\" src=\"https:\/\/foralhukuk.com\/wp-content\/uploads\/2024\/12\/commerciallaw2.webp\" class=\"attachment-wdt-blog-ii-column size-wdt-blog-ii-column wp-post-image\" alt=\"\" srcset=\"https:\/\/foralhukuk.com\/wp-content\/uploads\/2024\/12\/commerciallaw2.webp 1600w, https:\/\/foralhukuk.com\/wp-content\/uploads\/2024\/12\/commerciallaw2-300x150.webp 300w, https:\/\/foralhukuk.com\/wp-content\/uploads\/2024\/12\/commerciallaw2-1024x512.webp 1024w, https:\/\/foralhukuk.com\/wp-content\/uploads\/2024\/12\/commerciallaw2-768x384.webp 768w, https:\/\/foralhukuk.com\/wp-content\/uploads\/2024\/12\/commerciallaw2-1536x768.webp 1536w\" sizes=\"(max-width: 1600px) 100vw, 1600px\" \/><\/a>\r\n        <\/div><!-- Featured Image --><div class=\"entry-meta-group\">\r\n<!-- Entry Date -->\r\n<div class=\"entry-date\">\r\n\t<!-- <i class=\"wdticon-calendar\"> <\/i> -->\r\n\tDecember 30, 2024<\/div><!-- Entry Date --><\/div>\r\n<!-- Entry Title -->\r\n<div class=\"entry-title\">\r\n\t<h4>    \t<a href=\"https:\/\/foralhukuk.com\/en\/ticaret-hukuku-ve-isletmeler-icin-onemi\/\" title=\"Permalink to Ticaret Hukuku ve \u0130\u015fletmeler \u0130\u00e7in \u00d6nemi\">Commercial Law and Its Importance for Businesses<\/a>\r\n\t<\/h4>\r\n<\/div><!-- Entry Title -->\r\n\t<div class=\"entry-body\"><p>Definition of Commercial Law Commercial law regulates the activities of commercial enterprises, the rights and rights of the parties in commercial relations.<\/p><\/div>\r\n\r\n<!-- Entry Button --><div class=\"entry-button wdt-core-button\"><a href=\"https:\/\/foralhukuk.com\/en\/ticaret-hukuku-ve-isletmeler-icin-onemi\/\" title=\"Commercial Law and Its Importance for Businesses\" class=\"wdt-button\">Read More<span><svg xmlns=\"http:\/\/www.w3.org\/2000\/svg\" xmlns:xlink=\"http:\/\/www.w3.org\/1999\/xlink\" x=\"0px\" y=\"0px\" viewbox=\"0 0 100 59\" style=\"enable-background:new 0 0 100 59;\" xml:space=\"preserve\"><polygon points=\"59.9,6.1 79.4,25.7 6,25.7 6,33.3 79.4,33.3 59.9,52.9 65.3,58.2 94,29.5 65.3,0.8 \"><\/polygon><\/svg><\/span><\/a><\/div><!-- Entry Button --><\/article><\/div><\/div><div class=\"pagination blog-pagination\"><\/div><\/div>\t\t\t\t<\/div>\n\t\t\t\t<\/div>\n\t\t\t\t\t<\/div>\n\t\t<\/div>\n\t\t\t\t\t<\/div>\n\t\t<\/section>\n\t\t\t\t\t<\/div>\n\t\t<\/div>\n\t\t\t\t\t<\/div>\n\t\t<\/section>\n\t\t\t\t<\/div>","protected":false},"excerpt":{"rendered":"<p>Aral\u0131k 30, 2024 Haklar\u0131n\u0131z ve Gelece\u011finizi G\u00fcvence Alt\u0131na Al\u0131n Miras Hukuku Nedir? Miras hukuku, bir ki\u015finin vefat\u0131n\u0131n ard\u0131ndan malvarl\u0131\u011f\u0131n\u0131n kimlere ve nas\u0131l devredilece\u011fini&#8230; Daha Fazlas\u0131 Aral\u0131k 30, 2024 Fikri M\u00fclkiyet Nedir? Yarat\u0131c\u0131l\u0131\u011f\u0131n\u0131z\u0131 Koruyun Fikri M\u00fclkiyet Hukuku Nedir? Fikri m\u00fclkiyet hukuku, insan yarat\u0131c\u0131l\u0131\u011f\u0131n\u0131n \u00fcr\u00fcn\u00fc olan fikri de\u011ferlerin korunmas\u0131n\u0131&#8230; Daha Fazlas\u0131 Aral\u0131k 30, 2024 Ticaret Hukuku ve [&hellip;]<\/p>","protected":false},"author":2,"featured_media":0,"parent":0,"menu_order":0,"comment_status":"closed","ping_status":"closed","template":"","meta":{"_themeisle_gutenberg_block_has_review":false,"footnotes":""},"class_list":["post-257","page","type-page","status-publish","hentry","blog-entry","format-standard"],"yoast_head":"<!-- This site is optimized with the Yoast SEO plugin v24.1 - https:\/\/yoast.com\/wordpress\/plugins\/seo\/ -->\n<title>Hukuki Yaz\u0131lar - Foral<\/title>\n<meta name=\"description\" content=\"Hukuki dan\u0131\u015fmanl\u0131k ve dava s\u00fcre\u00e7lerinde geni\u015f bir yelpazede profesyonel hizmetler sunuyoruz. Alan\u0131nda uzman ve deneyimli kadromuz ...\" \/>\n<meta name=\"robots\" content=\"index, follow, max-snippet:-1, max-image-preview:large, max-video-preview:-1\" \/>\n<link rel=\"canonical\" href=\"https:\/\/foralhukuk.com\/en\/hukuki-yazilar\/\" \/>\n<meta property=\"og:locale\" content=\"en_US\" \/>\n<meta property=\"og:type\" content=\"article\" \/>\n<meta property=\"og:title\" content=\"Hukuki Yaz\u0131lar - Foral\" \/>\n<meta property=\"og:description\" content=\"Hukuki dan\u0131\u015fmanl\u0131k ve dava s\u00fcre\u00e7lerinde geni\u015f bir yelpazede profesyonel hizmetler sunuyoruz. Alan\u0131nda uzman ve deneyimli kadromuz ...\" \/>\n<meta property=\"og:url\" content=\"https:\/\/foralhukuk.com\/en\/hukuki-yazilar\/\" \/>\n<meta property=\"og:site_name\" content=\"Foral\" \/>\n<meta property=\"article:modified_time\" content=\"2025-01-03T05:43:07+00:00\" \/>\n<meta property=\"og:image\" content=\"https:\/\/foralhukuk.com\/wp-content\/uploads\/2024\/12\/laww2.webp\" \/>\n<meta name=\"twitter:card\" content=\"summary_large_image\" \/>\n<meta name=\"twitter:label1\" content=\"Est. reading time\" \/>\n\t<meta name=\"twitter:data1\" content=\"2 minutes\" \/>\n<script type=\"application\/ld+json\" class=\"yoast-schema-graph\">{\"@context\":\"https:\/\/schema.org\",\"@graph\":[{\"@type\":\"WebPage\",\"@id\":\"https:\/\/foralhukuk.com\/hukuki-yazilar\/\",\"url\":\"https:\/\/foralhukuk.com\/hukuki-yazilar\/\",\"name\":\"Hukuki Yaz\u0131lar - Foral\",\"isPartOf\":{\"@id\":\"https:\/\/foralhukuk.com\/#website\"},\"primaryImageOfPage\":{\"@id\":\"https:\/\/foralhukuk.com\/hukuki-yazilar\/#primaryimage\"},\"image\":{\"@id\":\"https:\/\/foralhukuk.com\/hukuki-yazilar\/#primaryimage\"},\"thumbnailUrl\":\"https:\/\/foralhukuk.com\/wp-content\/uploads\/2024\/12\/laww2.webp\",\"datePublished\":\"2023-06-07T06:41:09+00:00\",\"dateModified\":\"2025-01-03T05:43:07+00:00\",\"description\":\"Hukuki dan\u0131\u015fmanl\u0131k ve dava s\u00fcre\u00e7lerinde geni\u015f bir yelpazede profesyonel hizmetler sunuyoruz. Alan\u0131nda uzman ve deneyimli kadromuz ...\",\"breadcrumb\":{\"@id\":\"https:\/\/foralhukuk.com\/hukuki-yazilar\/#breadcrumb\"},\"inLanguage\":\"en-US\",\"potentialAction\":[{\"@type\":\"ReadAction\",\"target\":[\"https:\/\/foralhukuk.com\/hukuki-yazilar\/\"]}]},{\"@type\":\"ImageObject\",\"inLanguage\":\"en-US\",\"@id\":\"https:\/\/foralhukuk.com\/hukuki-yazilar\/#primaryimage\",\"url\":\"https:\/\/foralhukuk.com\/wp-content\/uploads\/2024\/12\/laww2.webp\",\"contentUrl\":\"https:\/\/foralhukuk.com\/wp-content\/uploads\/2024\/12\/laww2.webp\"},{\"@type\":\"BreadcrumbList\",\"@id\":\"https:\/\/foralhukuk.com\/hukuki-yazilar\/#breadcrumb\",\"itemListElement\":[{\"@type\":\"ListItem\",\"position\":1,\"name\":\"Anasayfa\",\"item\":\"https:\/\/foralhukuk.com\/\"},{\"@type\":\"ListItem\",\"position\":2,\"name\":\"Hukuki Yaz\u0131lar\"}]},{\"@type\":\"WebSite\",\"@id\":\"https:\/\/foralhukuk.com\/#website\",\"url\":\"https:\/\/foralhukuk.com\/\",\"name\":\"Foral Hukuk ve Dan\u0131\u015fmanl\u0131k\",\"description\":\"Hukuk ve Dan\u0131\u015fmanl\u0131k\",\"publisher\":{\"@id\":\"https:\/\/foralhukuk.com\/#organization\"},\"potentialAction\":[{\"@type\":\"SearchAction\",\"target\":{\"@type\":\"EntryPoint\",\"urlTemplate\":\"https:\/\/foralhukuk.com\/?s={search_term_string}\"},\"query-input\":{\"@type\":\"PropertyValueSpecification\",\"valueRequired\":true,\"valueName\":\"search_term_string\"}}],\"inLanguage\":\"en-US\"},{\"@type\":\"Organization\",\"@id\":\"https:\/\/foralhukuk.com\/#organization\",\"name\":\"Foral Hukuk ve Dan\u0131\u015fmanl\u0131k\",\"url\":\"https:\/\/foralhukuk.com\/\",\"logo\":{\"@type\":\"ImageObject\",\"inLanguage\":\"en-US\",\"@id\":\"https:\/\/foralhukuk.com\/#\/schema\/logo\/image\/\",\"url\":\"https:\/\/foralhukuk.com\/wp-content\/uploads\/2024\/12\/foralnewlogo-copy.webp\",\"contentUrl\":\"https:\/\/foralhukuk.com\/wp-content\/uploads\/2024\/12\/foralnewlogo-copy.webp\",\"width\":800,\"height\":255,\"caption\":\"Foral Hukuk ve Dan\u0131\u015fmanl\u0131k\"},\"image\":{\"@id\":\"https:\/\/foralhukuk.com\/#\/schema\/logo\/image\/\"}}]}<\/script>\n<!-- \/ Yoast SEO plugin. -->","yoast_head_json":{"title":"Hukuki Yaz\u0131lar - Foral","description":"Hukuki dan\u0131\u015fmanl\u0131k ve dava s\u00fcre\u00e7lerinde geni\u015f bir yelpazede profesyonel hizmetler sunuyoruz. Alan\u0131nda uzman ve deneyimli kadromuz ...","robots":{"index":"index","follow":"follow","max-snippet":"max-snippet:-1","max-image-preview":"max-image-preview:large","max-video-preview":"max-video-preview:-1"},"canonical":"https:\/\/foralhukuk.com\/en\/hukuki-yazilar\/","og_locale":"en_US","og_type":"article","og_title":"Hukuki Yaz\u0131lar - Foral","og_description":"Hukuki dan\u0131\u015fmanl\u0131k ve dava s\u00fcre\u00e7lerinde geni\u015f bir yelpazede profesyonel hizmetler sunuyoruz. Alan\u0131nda uzman ve deneyimli kadromuz ...","og_url":"https:\/\/foralhukuk.com\/en\/hukuki-yazilar\/","og_site_name":"Foral","article_modified_time":"2025-01-03T05:43:07+00:00","og_image":[{"url":"https:\/\/foralhukuk.com\/wp-content\/uploads\/2024\/12\/laww2.webp","type":"","width":"","height":""}],"twitter_card":"summary_large_image","twitter_misc":{"Est. reading time":"2 minutes"},"schema":{"@context":"https:\/\/schema.org","@graph":[{"@type":"WebPage","@id":"https:\/\/foralhukuk.com\/hukuki-yazilar\/","url":"https:\/\/foralhukuk.com\/hukuki-yazilar\/","name":"Hukuki Yaz\u0131lar - Foral","isPartOf":{"@id":"https:\/\/foralhukuk.com\/#website"},"primaryImageOfPage":{"@id":"https:\/\/foralhukuk.com\/hukuki-yazilar\/#primaryimage"},"image":{"@id":"https:\/\/foralhukuk.com\/hukuki-yazilar\/#primaryimage"},"thumbnailUrl":"https:\/\/foralhukuk.com\/wp-content\/uploads\/2024\/12\/laww2.webp","datePublished":"2023-06-07T06:41:09+00:00","dateModified":"2025-01-03T05:43:07+00:00","description":"Hukuki dan\u0131\u015fmanl\u0131k ve dava s\u00fcre\u00e7lerinde geni\u015f bir yelpazede profesyonel hizmetler sunuyoruz. Alan\u0131nda uzman ve deneyimli kadromuz ...","breadcrumb":{"@id":"https:\/\/foralhukuk.com\/hukuki-yazilar\/#breadcrumb"},"inLanguage":"en-US","potentialAction":[{"@type":"ReadAction","target":["https:\/\/foralhukuk.com\/hukuki-yazilar\/"]}]},{"@type":"ImageObject","inLanguage":"en-US","@id":"https:\/\/foralhukuk.com\/hukuki-yazilar\/#primaryimage","url":"https:\/\/foralhukuk.com\/wp-content\/uploads\/2024\/12\/laww2.webp","contentUrl":"https:\/\/foralhukuk.com\/wp-content\/uploads\/2024\/12\/laww2.webp"},{"@type":"BreadcrumbList","@id":"https:\/\/foralhukuk.com\/hukuki-yazilar\/#breadcrumb","itemListElement":[{"@type":"ListItem","position":1,"name":"Anasayfa","item":"https:\/\/foralhukuk.com\/"},{"@type":"ListItem","position":2,"name":"Hukuki Yaz\u0131lar"}]},{"@type":"WebSite","@id":"https:\/\/foralhukuk.com\/#website","url":"https:\/\/foralhukuk.com\/","name":"Foral Hukuk ve Dan\u0131\u015fmanl\u0131k","description":"Hukuk ve Dan\u0131\u015fmanl\u0131k","publisher":{"@id":"https:\/\/foralhukuk.com\/#organization"},"potentialAction":[{"@type":"SearchAction","target":{"@type":"EntryPoint","urlTemplate":"https:\/\/foralhukuk.com\/?s={search_term_string}"},"query-input":{"@type":"PropertyValueSpecification","valueRequired":true,"valueName":"search_term_string"}}],"inLanguage":"en-US"},{"@type":"Organization","@id":"https:\/\/foralhukuk.com\/#organization","name":"Foral Hukuk ve Dan\u0131\u015fmanl\u0131k","url":"https:\/\/foralhukuk.com\/","logo":{"@type":"ImageObject","inLanguage":"en-US","@id":"https:\/\/foralhukuk.com\/#\/schema\/logo\/image\/","url":"https:\/\/foralhukuk.com\/wp-content\/uploads\/2024\/12\/foralnewlogo-copy.webp","contentUrl":"https:\/\/foralhukuk.com\/wp-content\/uploads\/2024\/12\/foralnewlogo-copy.webp","width":800,"height":255,"caption":"Foral Hukuk ve Dan\u0131\u015fmanl\u0131k"},"image":{"@id":"https:\/\/foralhukuk.com\/#\/schema\/logo\/image\/"}}]}},"_links":{"self":[{"href":"https:\/\/foralhukuk.com\/en\/wp-json\/wp\/v2\/pages\/257","targetHints":{"allow":["GET"]}}],"collection":[{"href":"https:\/\/foralhukuk.com\/en\/wp-json\/wp\/v2\/pages"}],"about":[{"href":"https:\/\/foralhukuk.com\/en\/wp-json\/wp\/v2\/types\/page"}],"author":[{"embeddable":true,"href":"https:\/\/foralhukuk.com\/en\/wp-json\/wp\/v2\/users\/2"}],"replies":[{"embeddable":true,"href":"https:\/\/foralhukuk.com\/en\/wp-json\/wp\/v2\/comments?post=257"}],"version-history":[{"count":6,"href":"https:\/\/foralhukuk.com\/en\/wp-json\/wp\/v2\/pages\/257\/revisions"}],"predecessor-version":[{"id":3017,"href":"https:\/\/foralhukuk.com\/en\/wp-json\/wp\/v2\/pages\/257\/revisions\/3017"}],"wp:attachment":[{"href":"https:\/\/foralhukuk.com\/en\/wp-json\/wp\/v2\/media?parent=257"}],"curies":[{"name":"wp","href":"https:\/\/api.w.org\/{rel}","templated":true}]}}