{"id":2969,"date":"2024-12-31T07:42:56","date_gmt":"2024-12-31T07:42:56","guid":{"rendered":"https:\/\/foralhukuk.com\/?page_id=2969"},"modified":"2024-12-31T09:26:49","modified_gmt":"2024-12-31T09:26:49","slug":"marka-hukuku","status":"publish","type":"page","link":"https:\/\/foralhukuk.com\/en\/marka-hukuku\/","title":{"rendered":"Trademark Law"},"content":{"rendered":"<div data-elementor-type=\"wp-page\" data-elementor-id=\"2969\" class=\"elementor elementor-2969\">\n\t\t\t\t\t\t<section class=\"elementor-section elementor-top-section elementor-element elementor-element-7d40ad7 elementor-section-content-bottom elementor-section-boxed elementor-section-height-default elementor-section-height-default\" data-id=\"7d40ad7\" data-element_type=\"section\" data-settings=\"{&quot;wdt_bg_image&quot;:{&quot;url&quot;:&quot;&quot;,&quot;id&quot;:&quot;&quot;,&quot;size&quot;:&quot;&quot;},&quot;wdt_bg_image_laptop&quot;:{&quot;url&quot;:&quot;&quot;,&quot;id&quot;:&quot;&quot;,&quot;size&quot;:&quot;&quot;},&quot;wdt_bg_image_tablet_extra&quot;:{&quot;url&quot;:&quot;&quot;,&quot;id&quot;:&quot;&quot;,&quot;size&quot;:&quot;&quot;},&quot;wdt_bg_image_tablet&quot;:{&quot;url&quot;:&quot;&quot;,&quot;id&quot;:&quot;&quot;,&quot;size&quot;:&quot;&quot;},&quot;wdt_bg_image_mobile_extra&quot;:{&quot;url&quot;:&quot;&quot;,&quot;id&quot;:&quot;&quot;,&quot;size&quot;:&quot;&quot;},&quot;wdt_bg_image_mobile&quot;:{&quot;url&quot;:&quot;&quot;,&quot;id&quot;:&quot;&quot;,&quot;size&quot;:&quot;&quot;},&quot;wdt_bg_position&quot;:&quot;center center&quot;,&quot;wdt_animation_effect&quot;:&quot;none&quot;}\">\n\t\t\t\t\t\t<div class=\"elementor-container elementor-column-gap-default\">\n\t\t\t\t\t<div class=\"elementor-column elementor-col-50 elementor-top-column elementor-element elementor-element-91d545c\" data-id=\"91d545c\" data-element_type=\"column\">\n\t\t\t<div class=\"elementor-widget-wrap elementor-element-populated\">\n\t\t\t\t\t\t<div class=\"elementor-element elementor-element-c4d48f1 elementor-widget elementor-widget-text-editor\" data-id=\"c4d48f1\" data-element_type=\"widget\" data-settings=\"{&quot;wdt_animation_effect&quot;:&quot;none&quot;}\" data-widget_type=\"text-editor.default\">\n\t\t\t\t<div class=\"elementor-widget-container\">\n\t\t\t\t\t\t\t\t\t<p>Foral Law and Consultancy provides professional and comprehensive services to its clients in the field of trademark law. Trademark law is a branch of law that aims to protect trademarks, one of the most important elements of businesses that promote their products and services, and to secure the legal rights of right holders.<\/p><p>Our services include filing trademark applications, monitoring registration procedures, managing trademark renewal processes and providing legal protection against trademark infringement. We also provide strategic consultancy services for trademark assignments, drafting license agreements and protecting trademarks on international platforms.<\/p>\t\t\t\t\t\t\t\t<\/div>\n\t\t\t\t<\/div>\n\t\t\t\t<section class=\"elementor-section elementor-inner-section elementor-element elementor-element-e855cc8 elementor-section-full_width elementor-section-height-default elementor-section-height-default\" data-id=\"e855cc8\" data-element_type=\"section\" data-settings=\"{&quot;wdt_bg_image&quot;:{&quot;url&quot;:&quot;&quot;,&quot;id&quot;:&quot;&quot;,&quot;size&quot;:&quot;&quot;},&quot;wdt_bg_image_laptop&quot;:{&quot;url&quot;:&quot;&quot;,&quot;id&quot;:&quot;&quot;,&quot;size&quot;:&quot;&quot;},&quot;wdt_bg_image_tablet_extra&quot;:{&quot;url&quot;:&quot;&quot;,&quot;id&quot;:&quot;&quot;,&quot;size&quot;:&quot;&quot;},&quot;wdt_bg_image_tablet&quot;:{&quot;url&quot;:&quot;&quot;,&quot;id&quot;:&quot;&quot;,&quot;size&quot;:&quot;&quot;},&quot;wdt_bg_image_mobile_extra&quot;:{&quot;url&quot;:&quot;&quot;,&quot;id&quot;:&quot;&quot;,&quot;size&quot;:&quot;&quot;},&quot;wdt_bg_image_mobile&quot;:{&quot;url&quot;:&quot;&quot;,&quot;id&quot;:&quot;&quot;,&quot;size&quot;:&quot;&quot;},&quot;wdt_bg_position&quot;:&quot;center center&quot;,&quot;wdt_animation_effect&quot;:&quot;none&quot;}\">\n\t\t\t\t\t\t<div class=\"elementor-container elementor-column-gap-default\">\n\t\t\t\t\t<div class=\"elementor-column elementor-col-100 elementor-inner-column elementor-element elementor-element-6fbf1e1\" data-id=\"6fbf1e1\" data-element_type=\"column\" data-settings=\"{&quot;background_background&quot;:&quot;classic&quot;}\">\n\t\t\t<div class=\"elementor-widget-wrap elementor-element-populated\">\n\t\t\t\t\t\t<div class=\"elementor-element elementor-element-c3c84f7 elementor-widget elementor-widget-text-editor\" data-id=\"c3c84f7\" data-element_type=\"widget\" data-settings=\"{&quot;wdt_animation_effect&quot;:&quot;none&quot;}\" data-widget_type=\"text-editor.default\">\n\t\t\t\t<div class=\"elementor-widget-container\">\n\t\t\t\t\t\t\t\t\t<p>Trademarks are valuable assets of businesses that represent their commercial identity. We are at your side to ensure the legal security of your trademarks, defend your rights against infringement and protect your commercial reputation.<\/p>\t\t\t\t\t\t\t\t<\/div>\n\t\t\t\t<\/div>\n\t\t\t\t\t<\/div>\n\t\t<\/div>\n\t\t\t\t\t<\/div>\n\t\t<\/section>\n\t\t\t\t\t<\/div>\n\t\t<\/div>\n\t\t\t\t<div class=\"elementor-column elementor-col-50 elementor-top-column elementor-element elementor-element-6f1fdd9\" data-id=\"6f1fdd9\" data-element_type=\"column\">\n\t\t\t<div class=\"elementor-widget-wrap elementor-element-populated\">\n\t\t\t\t\t\t<div class=\"elementor-element elementor-element-bf849cb elementor-widget elementor-widget-image\" data-id=\"bf849cb\" data-element_type=\"widget\" data-settings=\"{&quot;wdt_animation_effect&quot;:&quot;none&quot;}\" data-widget_type=\"image.default\">\n\t\t\t\t<div class=\"elementor-widget-container\">\n\t\t\t\t\t\t\t\t\t\t\t\t\t\t\t<img fetchpriority=\"high\" decoding=\"async\" width=\"1024\" height=\"538\" src=\"https:\/\/foralhukuk.com\/wp-content\/uploads\/2024\/12\/markahukukupg-1024x538.webp\" class=\"attachment-large size-large wp-image-2972\" alt=\"\" srcset=\"https:\/\/foralhukuk.com\/wp-content\/uploads\/2024\/12\/markahukukupg-1024x538.webp 1024w, https:\/\/foralhukuk.com\/wp-content\/uploads\/2024\/12\/markahukukupg-300x158.webp 300w, https:\/\/foralhukuk.com\/wp-content\/uploads\/2024\/12\/markahukukupg-768x403.webp 768w, https:\/\/foralhukuk.com\/wp-content\/uploads\/2024\/12\/markahukukupg-18x9.webp 18w, https:\/\/foralhukuk.com\/wp-content\/uploads\/2024\/12\/markahukukupg.webp 1051w\" sizes=\"(max-width: 1024px) 100vw, 1024px\" \/>\t\t\t\t\t\t\t\t\t\t\t\t\t\t\t<\/div>\n\t\t\t\t<\/div>\n\t\t\t\t\t<\/div>\n\t\t<\/div>\n\t\t\t\t\t<\/div>\n\t\t<\/section>\n\t\t\t\t<\/div>","protected":false},"excerpt":{"rendered":"<p>Foral Hukuk ve Dan\u0131\u015fmanl\u0131k, marka hukuku alan\u0131nda m\u00fcvekkillerine profesyonel ve kapsaml\u0131 hizmetler sunmaktad\u0131r. Marka hukuku, i\u015fletmelerin \u00fcr\u00fcn ve hizmetlerini tan\u0131tan en \u00f6nemli unsurlar\u0131ndan biri olan markalar\u0131n korunmas\u0131n\u0131 ve hak sahiplerinin yasal haklar\u0131n\u0131n g\u00fcvence alt\u0131na al\u0131nmas\u0131n\u0131 ama\u00e7layan bir hukuk dal\u0131d\u0131r. Hizmetlerimiz aras\u0131nda marka ba\u015fvurular\u0131n\u0131n yap\u0131lmas\u0131, tescil i\u015flemlerinin takibi, marka yenileme s\u00fcre\u00e7lerinin y\u00f6netimi ve marka ihlallerine kar\u015f\u0131 [&hellip;]<\/p>","protected":false},"author":1,"featured_media":0,"parent":0,"menu_order":0,"comment_status":"closed","ping_status":"closed","template":"elementor_header_footer","meta":{"_themeisle_gutenberg_block_has_review":false,"footnotes":""},"class_list":["post-2969","page","type-page","status-publish","hentry"],"yoast_head":"<!-- This site is optimized with the Yoast SEO plugin v24.1 - https:\/\/yoast.com\/wordpress\/plugins\/seo\/ -->\n<title>Marka Hukuku - Foral<\/title>\n<meta name=\"description\" content=\"Foral Hukuk ve Dan\u0131\u015fmanl\u0131k, marka hukuku alan\u0131nda m\u00fcvekkillerine profesyonel ve kapsaml\u0131 hizmetler sunmaktad\u0131r. Marka hukuku ...\" \/>\n<meta name=\"robots\" content=\"index, follow, max-snippet:-1, max-image-preview:large, max-video-preview:-1\" \/>\n<link rel=\"canonical\" href=\"https:\/\/foralhukuk.com\/en\/marka-hukuku\/\" \/>\n<meta property=\"og:locale\" content=\"en_US\" \/>\n<meta property=\"og:type\" content=\"article\" \/>\n<meta property=\"og:title\" content=\"Marka Hukuku - Foral\" \/>\n<meta property=\"og:description\" content=\"Foral Hukuk ve Dan\u0131\u015fmanl\u0131k, marka hukuku alan\u0131nda m\u00fcvekkillerine profesyonel ve kapsaml\u0131 hizmetler sunmaktad\u0131r. Marka hukuku ...\" \/>\n<meta property=\"og:url\" content=\"https:\/\/foralhukuk.com\/en\/marka-hukuku\/\" \/>\n<meta property=\"og:site_name\" content=\"Foral\" \/>\n<meta property=\"article:modified_time\" content=\"2024-12-31T09:26:49+00:00\" \/>\n<meta property=\"og:image\" content=\"https:\/\/foralhukuk.com\/wp-content\/uploads\/2024\/12\/markahukukupg-1024x538.webp\" \/>\n<meta name=\"twitter:card\" content=\"summary_large_image\" \/>\n<meta name=\"twitter:label1\" content=\"Est. reading time\" \/>\n\t<meta name=\"twitter:data1\" content=\"1 minute\" \/>\n<script type=\"application\/ld+json\" class=\"yoast-schema-graph\">{\"@context\":\"https:\/\/schema.org\",\"@graph\":[{\"@type\":\"WebPage\",\"@id\":\"https:\/\/foralhukuk.com\/marka-hukuku\/\",\"url\":\"https:\/\/foralhukuk.com\/marka-hukuku\/\",\"name\":\"Marka Hukuku - Foral\",\"isPartOf\":{\"@id\":\"https:\/\/foralhukuk.com\/#website\"},\"primaryImageOfPage\":{\"@id\":\"https:\/\/foralhukuk.com\/marka-hukuku\/#primaryimage\"},\"image\":{\"@id\":\"https:\/\/foralhukuk.com\/marka-hukuku\/#primaryimage\"},\"thumbnailUrl\":\"https:\/\/foralhukuk.com\/wp-content\/uploads\/2024\/12\/markahukukupg-1024x538.webp\",\"datePublished\":\"2024-12-31T07:42:56+00:00\",\"dateModified\":\"2024-12-31T09:26:49+00:00\",\"description\":\"Foral Hukuk ve Dan\u0131\u015fmanl\u0131k, marka hukuku alan\u0131nda m\u00fcvekkillerine profesyonel ve kapsaml\u0131 hizmetler sunmaktad\u0131r. Marka hukuku ...\",\"breadcrumb\":{\"@id\":\"https:\/\/foralhukuk.com\/marka-hukuku\/#breadcrumb\"},\"inLanguage\":\"en-US\",\"potentialAction\":[{\"@type\":\"ReadAction\",\"target\":[\"https:\/\/foralhukuk.com\/marka-hukuku\/\"]}]},{\"@type\":\"ImageObject\",\"inLanguage\":\"en-US\",\"@id\":\"https:\/\/foralhukuk.com\/marka-hukuku\/#primaryimage\",\"url\":\"https:\/\/foralhukuk.com\/wp-content\/uploads\/2024\/12\/markahukukupg-1024x538.webp\",\"contentUrl\":\"https:\/\/foralhukuk.com\/wp-content\/uploads\/2024\/12\/markahukukupg-1024x538.webp\"},{\"@type\":\"BreadcrumbList\",\"@id\":\"https:\/\/foralhukuk.com\/marka-hukuku\/#breadcrumb\",\"itemListElement\":[{\"@type\":\"ListItem\",\"position\":1,\"name\":\"Anasayfa\",\"item\":\"https:\/\/foralhukuk.com\/\"},{\"@type\":\"ListItem\",\"position\":2,\"name\":\"Marka Hukuku\"}]},{\"@type\":\"WebSite\",\"@id\":\"https:\/\/foralhukuk.com\/#website\",\"url\":\"https:\/\/foralhukuk.com\/\",\"name\":\"Foral Hukuk ve Dan\u0131\u015fmanl\u0131k\",\"description\":\"Hukuk ve Dan\u0131\u015fmanl\u0131k\",\"publisher\":{\"@id\":\"https:\/\/foralhukuk.com\/#organization\"},\"potentialAction\":[{\"@type\":\"SearchAction\",\"target\":{\"@type\":\"EntryPoint\",\"urlTemplate\":\"https:\/\/foralhukuk.com\/?s={search_term_string}\"},\"query-input\":{\"@type\":\"PropertyValueSpecification\",\"valueRequired\":true,\"valueName\":\"search_term_string\"}}],\"inLanguage\":\"en-US\"},{\"@type\":\"Organization\",\"@id\":\"https:\/\/foralhukuk.com\/#organization\",\"name\":\"Foral Hukuk ve Dan\u0131\u015fmanl\u0131k\",\"url\":\"https:\/\/foralhukuk.com\/\",\"logo\":{\"@type\":\"ImageObject\",\"inLanguage\":\"en-US\",\"@id\":\"https:\/\/foralhukuk.com\/#\/schema\/logo\/image\/\",\"url\":\"https:\/\/foralhukuk.com\/wp-content\/uploads\/2024\/12\/foralnewlogo-copy.webp\",\"contentUrl\":\"https:\/\/foralhukuk.com\/wp-content\/uploads\/2024\/12\/foralnewlogo-copy.webp\",\"width\":800,\"height\":255,\"caption\":\"Foral Hukuk ve Dan\u0131\u015fmanl\u0131k\"},\"image\":{\"@id\":\"https:\/\/foralhukuk.com\/#\/schema\/logo\/image\/\"}}]}<\/script>\n<!-- \/ Yoast SEO plugin. -->","yoast_head_json":{"title":"Marka Hukuku - Foral","description":"Foral Hukuk ve Dan\u0131\u015fmanl\u0131k, marka hukuku alan\u0131nda m\u00fcvekkillerine profesyonel ve kapsaml\u0131 hizmetler sunmaktad\u0131r. Marka hukuku ...","robots":{"index":"index","follow":"follow","max-snippet":"max-snippet:-1","max-image-preview":"max-image-preview:large","max-video-preview":"max-video-preview:-1"},"canonical":"https:\/\/foralhukuk.com\/en\/marka-hukuku\/","og_locale":"en_US","og_type":"article","og_title":"Marka Hukuku - Foral","og_description":"Foral Hukuk ve Dan\u0131\u015fmanl\u0131k, marka hukuku alan\u0131nda m\u00fcvekkillerine profesyonel ve kapsaml\u0131 hizmetler sunmaktad\u0131r. Marka hukuku ...","og_url":"https:\/\/foralhukuk.com\/en\/marka-hukuku\/","og_site_name":"Foral","article_modified_time":"2024-12-31T09:26:49+00:00","og_image":[{"url":"https:\/\/foralhukuk.com\/wp-content\/uploads\/2024\/12\/markahukukupg-1024x538.webp","type":"","width":"","height":""}],"twitter_card":"summary_large_image","twitter_misc":{"Est. reading time":"1 minute"},"schema":{"@context":"https:\/\/schema.org","@graph":[{"@type":"WebPage","@id":"https:\/\/foralhukuk.com\/marka-hukuku\/","url":"https:\/\/foralhukuk.com\/marka-hukuku\/","name":"Marka Hukuku - Foral","isPartOf":{"@id":"https:\/\/foralhukuk.com\/#website"},"primaryImageOfPage":{"@id":"https:\/\/foralhukuk.com\/marka-hukuku\/#primaryimage"},"image":{"@id":"https:\/\/foralhukuk.com\/marka-hukuku\/#primaryimage"},"thumbnailUrl":"https:\/\/foralhukuk.com\/wp-content\/uploads\/2024\/12\/markahukukupg-1024x538.webp","datePublished":"2024-12-31T07:42:56+00:00","dateModified":"2024-12-31T09:26:49+00:00","description":"Foral Hukuk ve Dan\u0131\u015fmanl\u0131k, marka hukuku alan\u0131nda m\u00fcvekkillerine profesyonel ve kapsaml\u0131 hizmetler sunmaktad\u0131r. Marka hukuku ...","breadcrumb":{"@id":"https:\/\/foralhukuk.com\/marka-hukuku\/#breadcrumb"},"inLanguage":"en-US","potentialAction":[{"@type":"ReadAction","target":["https:\/\/foralhukuk.com\/marka-hukuku\/"]}]},{"@type":"ImageObject","inLanguage":"en-US","@id":"https:\/\/foralhukuk.com\/marka-hukuku\/#primaryimage","url":"https:\/\/foralhukuk.com\/wp-content\/uploads\/2024\/12\/markahukukupg-1024x538.webp","contentUrl":"https:\/\/foralhukuk.com\/wp-content\/uploads\/2024\/12\/markahukukupg-1024x538.webp"},{"@type":"BreadcrumbList","@id":"https:\/\/foralhukuk.com\/marka-hukuku\/#breadcrumb","itemListElement":[{"@type":"ListItem","position":1,"name":"Anasayfa","item":"https:\/\/foralhukuk.com\/"},{"@type":"ListItem","position":2,"name":"Marka Hukuku"}]},{"@type":"WebSite","@id":"https:\/\/foralhukuk.com\/#website","url":"https:\/\/foralhukuk.com\/","name":"Foral Hukuk ve Dan\u0131\u015fmanl\u0131k","description":"Hukuk ve Dan\u0131\u015fmanl\u0131k","publisher":{"@id":"https:\/\/foralhukuk.com\/#organization"},"potentialAction":[{"@type":"SearchAction","target":{"@type":"EntryPoint","urlTemplate":"https:\/\/foralhukuk.com\/?s={search_term_string}"},"query-input":{"@type":"PropertyValueSpecification","valueRequired":true,"valueName":"search_term_string"}}],"inLanguage":"en-US"},{"@type":"Organization","@id":"https:\/\/foralhukuk.com\/#organization","name":"Foral Hukuk ve Dan\u0131\u015fmanl\u0131k","url":"https:\/\/foralhukuk.com\/","logo":{"@type":"ImageObject","inLanguage":"en-US","@id":"https:\/\/foralhukuk.com\/#\/schema\/logo\/image\/","url":"https:\/\/foralhukuk.com\/wp-content\/uploads\/2024\/12\/foralnewlogo-copy.webp","contentUrl":"https:\/\/foralhukuk.com\/wp-content\/uploads\/2024\/12\/foralnewlogo-copy.webp","width":800,"height":255,"caption":"Foral Hukuk ve Dan\u0131\u015fmanl\u0131k"},"image":{"@id":"https:\/\/foralhukuk.com\/#\/schema\/logo\/image\/"}}]}},"_links":{"self":[{"href":"https:\/\/foralhukuk.com\/en\/wp-json\/wp\/v2\/pages\/2969","targetHints":{"allow":["GET"]}}],"collection":[{"href":"https:\/\/foralhukuk.com\/en\/wp-json\/wp\/v2\/pages"}],"about":[{"href":"https:\/\/foralhukuk.com\/en\/wp-json\/wp\/v2\/types\/page"}],"author":[{"embeddable":true,"href":"https:\/\/foralhukuk.com\/en\/wp-json\/wp\/v2\/users\/1"}],"replies":[{"embeddable":true,"href":"https:\/\/foralhukuk.com\/en\/wp-json\/wp\/v2\/comments?post=2969"}],"version-history":[{"count":4,"href":"https:\/\/foralhukuk.com\/en\/wp-json\/wp\/v2\/pages\/2969\/revisions"}],"predecessor-version":[{"id":2975,"href":"https:\/\/foralhukuk.com\/en\/wp-json\/wp\/v2\/pages\/2969\/revisions\/2975"}],"wp:attachment":[{"href":"https:\/\/foralhukuk.com\/en\/wp-json\/wp\/v2\/media?parent=2969"}],"curies":[{"name":"wp","href":"https:\/\/api.w.org\/{rel}","templated":true}]}}