{"id":2976,"date":"2024-12-31T07:45:15","date_gmt":"2024-12-31T07:45:15","guid":{"rendered":"https:\/\/foralhukuk.com\/?page_id=2976"},"modified":"2024-12-31T09:27:08","modified_gmt":"2024-12-31T09:27:08","slug":"tasarim-hukuku","status":"publish","type":"page","link":"https:\/\/foralhukuk.com\/en\/tasarim-hukuku\/","title":{"rendered":"Design Law"},"content":{"rendered":"<div data-elementor-type=\"wp-page\" data-elementor-id=\"2976\" class=\"elementor elementor-2976\">\n\t\t\t\t\t\t<section class=\"elementor-section elementor-top-section elementor-element elementor-element-7d40ad7 elementor-section-content-bottom elementor-section-boxed elementor-section-height-default elementor-section-height-default\" data-id=\"7d40ad7\" data-element_type=\"section\" data-settings=\"{&quot;wdt_bg_image&quot;:{&quot;url&quot;:&quot;&quot;,&quot;id&quot;:&quot;&quot;,&quot;size&quot;:&quot;&quot;},&quot;wdt_bg_image_laptop&quot;:{&quot;url&quot;:&quot;&quot;,&quot;id&quot;:&quot;&quot;,&quot;size&quot;:&quot;&quot;},&quot;wdt_bg_image_tablet_extra&quot;:{&quot;url&quot;:&quot;&quot;,&quot;id&quot;:&quot;&quot;,&quot;size&quot;:&quot;&quot;},&quot;wdt_bg_image_tablet&quot;:{&quot;url&quot;:&quot;&quot;,&quot;id&quot;:&quot;&quot;,&quot;size&quot;:&quot;&quot;},&quot;wdt_bg_image_mobile_extra&quot;:{&quot;url&quot;:&quot;&quot;,&quot;id&quot;:&quot;&quot;,&quot;size&quot;:&quot;&quot;},&quot;wdt_bg_image_mobile&quot;:{&quot;url&quot;:&quot;&quot;,&quot;id&quot;:&quot;&quot;,&quot;size&quot;:&quot;&quot;},&quot;wdt_bg_position&quot;:&quot;center center&quot;,&quot;wdt_animation_effect&quot;:&quot;none&quot;}\">\n\t\t\t\t\t\t<div class=\"elementor-container elementor-column-gap-default\">\n\t\t\t\t\t<div class=\"elementor-column elementor-col-50 elementor-top-column elementor-element elementor-element-91d545c\" data-id=\"91d545c\" data-element_type=\"column\">\n\t\t\t<div class=\"elementor-widget-wrap elementor-element-populated\">\n\t\t\t\t\t\t<div class=\"elementor-element elementor-element-c4d48f1 elementor-widget elementor-widget-text-editor\" data-id=\"c4d48f1\" data-element_type=\"widget\" data-settings=\"{&quot;wdt_animation_effect&quot;:&quot;none&quot;}\" data-widget_type=\"text-editor.default\">\n\t\t\t\t<div class=\"elementor-widget-container\">\n\t\t\t\t\t\t\t\t\t<p>Foral Law and Consultancy provides comprehensive and professional services to its clients in the field of design law. Design law is a branch of law that protects the aesthetic appearance of a product and aims to prevent the unauthorized use of this design. Registered designs provide legal protection for the innovative work of both individual creators and commercial enterprises.<\/p><p>Our services include filing design applications, conducting registration processes, renewing registered designs and providing legal protection against infringement of design rights. We also provide strategic consultancy for the licensing, assignment and protection of designs on a national or international platform.<\/p>\t\t\t\t\t\t\t\t<\/div>\n\t\t\t\t<\/div>\n\t\t\t\t<section class=\"elementor-section elementor-inner-section elementor-element elementor-element-e855cc8 elementor-section-full_width elementor-section-height-default elementor-section-height-default\" data-id=\"e855cc8\" data-element_type=\"section\" data-settings=\"{&quot;wdt_bg_image&quot;:{&quot;url&quot;:&quot;&quot;,&quot;id&quot;:&quot;&quot;,&quot;size&quot;:&quot;&quot;},&quot;wdt_bg_image_laptop&quot;:{&quot;url&quot;:&quot;&quot;,&quot;id&quot;:&quot;&quot;,&quot;size&quot;:&quot;&quot;},&quot;wdt_bg_image_tablet_extra&quot;:{&quot;url&quot;:&quot;&quot;,&quot;id&quot;:&quot;&quot;,&quot;size&quot;:&quot;&quot;},&quot;wdt_bg_image_tablet&quot;:{&quot;url&quot;:&quot;&quot;,&quot;id&quot;:&quot;&quot;,&quot;size&quot;:&quot;&quot;},&quot;wdt_bg_image_mobile_extra&quot;:{&quot;url&quot;:&quot;&quot;,&quot;id&quot;:&quot;&quot;,&quot;size&quot;:&quot;&quot;},&quot;wdt_bg_image_mobile&quot;:{&quot;url&quot;:&quot;&quot;,&quot;id&quot;:&quot;&quot;,&quot;size&quot;:&quot;&quot;},&quot;wdt_bg_position&quot;:&quot;center center&quot;,&quot;wdt_animation_effect&quot;:&quot;none&quot;}\">\n\t\t\t\t\t\t<div class=\"elementor-container elementor-column-gap-default\">\n\t\t\t\t\t<div class=\"elementor-column elementor-col-100 elementor-inner-column elementor-element elementor-element-6fbf1e1\" data-id=\"6fbf1e1\" data-element_type=\"column\" data-settings=\"{&quot;background_background&quot;:&quot;classic&quot;}\">\n\t\t\t<div class=\"elementor-widget-wrap elementor-element-populated\">\n\t\t\t\t\t\t<div class=\"elementor-element elementor-element-c3c84f7 elementor-widget elementor-widget-text-editor\" data-id=\"c3c84f7\" data-element_type=\"widget\" data-settings=\"{&quot;wdt_animation_effect&quot;:&quot;none&quot;}\" data-widget_type=\"text-editor.default\">\n\t\t\t\t<div class=\"elementor-widget-container\">\n\t\t\t\t\t\t\t\t\t<p>We are at your side for the commercialization and protection of your creative ideas. We offer support at every stage with our expert team to ensure that your designs are secured through legal processes and to defend your rights against violations.<\/p>\t\t\t\t\t\t\t\t<\/div>\n\t\t\t\t<\/div>\n\t\t\t\t\t<\/div>\n\t\t<\/div>\n\t\t\t\t\t<\/div>\n\t\t<\/section>\n\t\t\t\t\t<\/div>\n\t\t<\/div>\n\t\t\t\t<div class=\"elementor-column elementor-col-50 elementor-top-column elementor-element elementor-element-6f1fdd9\" data-id=\"6f1fdd9\" data-element_type=\"column\">\n\t\t\t<div class=\"elementor-widget-wrap elementor-element-populated\">\n\t\t\t\t\t\t<div class=\"elementor-element elementor-element-bf849cb elementor-widget elementor-widget-image\" data-id=\"bf849cb\" data-element_type=\"widget\" data-settings=\"{&quot;wdt_animation_effect&quot;:&quot;none&quot;}\" data-widget_type=\"image.default\">\n\t\t\t\t<div class=\"elementor-widget-container\">\n\t\t\t\t\t\t\t\t\t\t\t\t\t\t\t<img fetchpriority=\"high\" decoding=\"async\" width=\"1024\" height=\"539\" src=\"https:\/\/foralhukuk.com\/wp-content\/uploads\/2024\/12\/tasarimhukukuen.webp\" class=\"attachment-large size-large wp-image-2979\" alt=\"\" srcset=\"https:\/\/foralhukuk.com\/wp-content\/uploads\/2024\/12\/tasarimhukukuen.webp 1050w, https:\/\/foralhukuk.com\/wp-content\/uploads\/2024\/12\/tasarimhukukuen-300x168.webp 300w, https:\/\/foralhukuk.com\/wp-content\/uploads\/2024\/12\/tasarimhukukuen-1024x574.webp 1024w, https:\/\/foralhukuk.com\/wp-content\/uploads\/2024\/12\/tasarimhukukuen-768x431.webp 768w, https:\/\/foralhukuk.com\/wp-content\/uploads\/2024\/12\/tasarimhukukuen-18x10.webp 18w\" sizes=\"(max-width: 1024px) 100vw, 1024px\" \/>\t\t\t\t\t\t\t\t\t\t\t\t\t\t\t<\/div>\n\t\t\t\t<\/div>\n\t\t\t\t\t<\/div>\n\t\t<\/div>\n\t\t\t\t\t<\/div>\n\t\t<\/section>\n\t\t\t\t<\/div>","protected":false},"excerpt":{"rendered":"<p>Foral Hukuk ve Dan\u0131\u015fmanl\u0131k, tasar\u0131m hukuku alan\u0131nda m\u00fcvekkillerine kapsaml\u0131 ve profesyonel hizmetler sunmaktad\u0131r. Tasar\u0131m hukuku, bir \u00fcr\u00fcn\u00fcn estetik g\u00f6r\u00fcn\u00fcm\u00fcn\u00fc koruyan ve bu tasar\u0131m\u0131n izinsiz kullan\u0131m\u0131n\u0131 engellemeyi ama\u00e7layan bir hukuk dal\u0131d\u0131r. Tescil edilmi\u015f tasar\u0131mlar, hem bireysel yarat\u0131c\u0131lar\u0131n hem de ticari i\u015fletmelerin yenilik\u00e7i \u00e7al\u0131\u015fmalar\u0131n\u0131 yasal g\u00fcvence alt\u0131na al\u0131r. Hizmetlerimiz, tasar\u0131m ba\u015fvurular\u0131n\u0131n yap\u0131lmas\u0131, tescil s\u00fcre\u00e7lerinin y\u00fcr\u00fct\u00fclmesi, tescilli tasar\u0131mlar\u0131n [&hellip;]<\/p>","protected":false},"author":1,"featured_media":0,"parent":0,"menu_order":0,"comment_status":"closed","ping_status":"closed","template":"elementor_header_footer","meta":{"_themeisle_gutenberg_block_has_review":false,"footnotes":""},"class_list":["post-2976","page","type-page","status-publish","hentry"],"yoast_head":"<!-- This site is optimized with the Yoast SEO plugin v24.1 - https:\/\/yoast.com\/wordpress\/plugins\/seo\/ -->\n<title>Tasar\u0131m Hukuku - Foral<\/title>\n<meta name=\"description\" content=\"Foral Hukuk ve Dan\u0131\u015fmanl\u0131k, tasar\u0131m hukuku alan\u0131nda m\u00fcvekkillerine kapsaml\u0131 ve profesyonel hizmetler sunmaktad\u0131r. Tasar\u0131m hukuku ...\" \/>\n<meta name=\"robots\" content=\"index, follow, max-snippet:-1, max-image-preview:large, max-video-preview:-1\" \/>\n<link rel=\"canonical\" href=\"https:\/\/foralhukuk.com\/en\/tasarim-hukuku\/\" \/>\n<meta property=\"og:locale\" content=\"en_US\" \/>\n<meta property=\"og:type\" content=\"article\" \/>\n<meta property=\"og:title\" content=\"Tasar\u0131m Hukuku - Foral\" \/>\n<meta property=\"og:description\" content=\"Foral Hukuk ve Dan\u0131\u015fmanl\u0131k, tasar\u0131m hukuku alan\u0131nda m\u00fcvekkillerine kapsaml\u0131 ve profesyonel hizmetler sunmaktad\u0131r. Tasar\u0131m hukuku ...\" \/>\n<meta property=\"og:url\" content=\"https:\/\/foralhukuk.com\/en\/tasarim-hukuku\/\" \/>\n<meta property=\"og:site_name\" content=\"Foral\" \/>\n<meta property=\"article:modified_time\" content=\"2024-12-31T09:27:08+00:00\" \/>\n<meta property=\"og:image\" content=\"https:\/\/foralhukuk.com\/wp-content\/uploads\/2024\/12\/tasarimhukukupg-1024x539.webp\" \/>\n<meta name=\"twitter:card\" content=\"summary_large_image\" \/>\n<meta name=\"twitter:label1\" content=\"Est. reading time\" \/>\n\t<meta name=\"twitter:data1\" content=\"1 minute\" \/>\n<script type=\"application\/ld+json\" class=\"yoast-schema-graph\">{\"@context\":\"https:\/\/schema.org\",\"@graph\":[{\"@type\":\"WebPage\",\"@id\":\"https:\/\/foralhukuk.com\/tasarim-hukuku\/\",\"url\":\"https:\/\/foralhukuk.com\/tasarim-hukuku\/\",\"name\":\"Tasar\u0131m Hukuku - Foral\",\"isPartOf\":{\"@id\":\"https:\/\/foralhukuk.com\/#website\"},\"primaryImageOfPage\":{\"@id\":\"https:\/\/foralhukuk.com\/tasarim-hukuku\/#primaryimage\"},\"image\":{\"@id\":\"https:\/\/foralhukuk.com\/tasarim-hukuku\/#primaryimage\"},\"thumbnailUrl\":\"https:\/\/foralhukuk.com\/wp-content\/uploads\/2024\/12\/tasarimhukukupg-1024x539.webp\",\"datePublished\":\"2024-12-31T07:45:15+00:00\",\"dateModified\":\"2024-12-31T09:27:08+00:00\",\"description\":\"Foral Hukuk ve Dan\u0131\u015fmanl\u0131k, tasar\u0131m hukuku alan\u0131nda m\u00fcvekkillerine kapsaml\u0131 ve profesyonel hizmetler sunmaktad\u0131r. Tasar\u0131m hukuku ...\",\"breadcrumb\":{\"@id\":\"https:\/\/foralhukuk.com\/tasarim-hukuku\/#breadcrumb\"},\"inLanguage\":\"en-US\",\"potentialAction\":[{\"@type\":\"ReadAction\",\"target\":[\"https:\/\/foralhukuk.com\/tasarim-hukuku\/\"]}]},{\"@type\":\"ImageObject\",\"inLanguage\":\"en-US\",\"@id\":\"https:\/\/foralhukuk.com\/tasarim-hukuku\/#primaryimage\",\"url\":\"https:\/\/foralhukuk.com\/wp-content\/uploads\/2024\/12\/tasarimhukukupg-1024x539.webp\",\"contentUrl\":\"https:\/\/foralhukuk.com\/wp-content\/uploads\/2024\/12\/tasarimhukukupg-1024x539.webp\"},{\"@type\":\"BreadcrumbList\",\"@id\":\"https:\/\/foralhukuk.com\/tasarim-hukuku\/#breadcrumb\",\"itemListElement\":[{\"@type\":\"ListItem\",\"position\":1,\"name\":\"Anasayfa\",\"item\":\"https:\/\/foralhukuk.com\/\"},{\"@type\":\"ListItem\",\"position\":2,\"name\":\"Tasar\u0131m Hukuku\"}]},{\"@type\":\"WebSite\",\"@id\":\"https:\/\/foralhukuk.com\/#website\",\"url\":\"https:\/\/foralhukuk.com\/\",\"name\":\"Foral Hukuk ve Dan\u0131\u015fmanl\u0131k\",\"description\":\"Hukuk ve Dan\u0131\u015fmanl\u0131k\",\"publisher\":{\"@id\":\"https:\/\/foralhukuk.com\/#organization\"},\"potentialAction\":[{\"@type\":\"SearchAction\",\"target\":{\"@type\":\"EntryPoint\",\"urlTemplate\":\"https:\/\/foralhukuk.com\/?s={search_term_string}\"},\"query-input\":{\"@type\":\"PropertyValueSpecification\",\"valueRequired\":true,\"valueName\":\"search_term_string\"}}],\"inLanguage\":\"en-US\"},{\"@type\":\"Organization\",\"@id\":\"https:\/\/foralhukuk.com\/#organization\",\"name\":\"Foral Hukuk ve Dan\u0131\u015fmanl\u0131k\",\"url\":\"https:\/\/foralhukuk.com\/\",\"logo\":{\"@type\":\"ImageObject\",\"inLanguage\":\"en-US\",\"@id\":\"https:\/\/foralhukuk.com\/#\/schema\/logo\/image\/\",\"url\":\"https:\/\/foralhukuk.com\/wp-content\/uploads\/2024\/12\/foralnewlogo-copy.webp\",\"contentUrl\":\"https:\/\/foralhukuk.com\/wp-content\/uploads\/2024\/12\/foralnewlogo-copy.webp\",\"width\":800,\"height\":255,\"caption\":\"Foral Hukuk ve Dan\u0131\u015fmanl\u0131k\"},\"image\":{\"@id\":\"https:\/\/foralhukuk.com\/#\/schema\/logo\/image\/\"}}]}<\/script>\n<!-- \/ Yoast SEO plugin. -->","yoast_head_json":{"title":"Tasar\u0131m Hukuku - Foral","description":"Foral Hukuk ve Dan\u0131\u015fmanl\u0131k, tasar\u0131m hukuku alan\u0131nda m\u00fcvekkillerine kapsaml\u0131 ve profesyonel hizmetler sunmaktad\u0131r. Tasar\u0131m hukuku ...","robots":{"index":"index","follow":"follow","max-snippet":"max-snippet:-1","max-image-preview":"max-image-preview:large","max-video-preview":"max-video-preview:-1"},"canonical":"https:\/\/foralhukuk.com\/en\/tasarim-hukuku\/","og_locale":"en_US","og_type":"article","og_title":"Tasar\u0131m Hukuku - Foral","og_description":"Foral Hukuk ve Dan\u0131\u015fmanl\u0131k, tasar\u0131m hukuku alan\u0131nda m\u00fcvekkillerine kapsaml\u0131 ve profesyonel hizmetler sunmaktad\u0131r. Tasar\u0131m hukuku ...","og_url":"https:\/\/foralhukuk.com\/en\/tasarim-hukuku\/","og_site_name":"Foral","article_modified_time":"2024-12-31T09:27:08+00:00","og_image":[{"url":"https:\/\/foralhukuk.com\/wp-content\/uploads\/2024\/12\/tasarimhukukupg-1024x539.webp","type":"","width":"","height":""}],"twitter_card":"summary_large_image","twitter_misc":{"Est. reading time":"1 minute"},"schema":{"@context":"https:\/\/schema.org","@graph":[{"@type":"WebPage","@id":"https:\/\/foralhukuk.com\/tasarim-hukuku\/","url":"https:\/\/foralhukuk.com\/tasarim-hukuku\/","name":"Tasar\u0131m Hukuku - Foral","isPartOf":{"@id":"https:\/\/foralhukuk.com\/#website"},"primaryImageOfPage":{"@id":"https:\/\/foralhukuk.com\/tasarim-hukuku\/#primaryimage"},"image":{"@id":"https:\/\/foralhukuk.com\/tasarim-hukuku\/#primaryimage"},"thumbnailUrl":"https:\/\/foralhukuk.com\/wp-content\/uploads\/2024\/12\/tasarimhukukupg-1024x539.webp","datePublished":"2024-12-31T07:45:15+00:00","dateModified":"2024-12-31T09:27:08+00:00","description":"Foral Hukuk ve Dan\u0131\u015fmanl\u0131k, tasar\u0131m hukuku alan\u0131nda m\u00fcvekkillerine kapsaml\u0131 ve profesyonel hizmetler sunmaktad\u0131r. Tasar\u0131m hukuku ...","breadcrumb":{"@id":"https:\/\/foralhukuk.com\/tasarim-hukuku\/#breadcrumb"},"inLanguage":"en-US","potentialAction":[{"@type":"ReadAction","target":["https:\/\/foralhukuk.com\/tasarim-hukuku\/"]}]},{"@type":"ImageObject","inLanguage":"en-US","@id":"https:\/\/foralhukuk.com\/tasarim-hukuku\/#primaryimage","url":"https:\/\/foralhukuk.com\/wp-content\/uploads\/2024\/12\/tasarimhukukupg-1024x539.webp","contentUrl":"https:\/\/foralhukuk.com\/wp-content\/uploads\/2024\/12\/tasarimhukukupg-1024x539.webp"},{"@type":"BreadcrumbList","@id":"https:\/\/foralhukuk.com\/tasarim-hukuku\/#breadcrumb","itemListElement":[{"@type":"ListItem","position":1,"name":"Anasayfa","item":"https:\/\/foralhukuk.com\/"},{"@type":"ListItem","position":2,"name":"Tasar\u0131m Hukuku"}]},{"@type":"WebSite","@id":"https:\/\/foralhukuk.com\/#website","url":"https:\/\/foralhukuk.com\/","name":"Foral Hukuk ve Dan\u0131\u015fmanl\u0131k","description":"Hukuk ve Dan\u0131\u015fmanl\u0131k","publisher":{"@id":"https:\/\/foralhukuk.com\/#organization"},"potentialAction":[{"@type":"SearchAction","target":{"@type":"EntryPoint","urlTemplate":"https:\/\/foralhukuk.com\/?s={search_term_string}"},"query-input":{"@type":"PropertyValueSpecification","valueRequired":true,"valueName":"search_term_string"}}],"inLanguage":"en-US"},{"@type":"Organization","@id":"https:\/\/foralhukuk.com\/#organization","name":"Foral Hukuk ve Dan\u0131\u015fmanl\u0131k","url":"https:\/\/foralhukuk.com\/","logo":{"@type":"ImageObject","inLanguage":"en-US","@id":"https:\/\/foralhukuk.com\/#\/schema\/logo\/image\/","url":"https:\/\/foralhukuk.com\/wp-content\/uploads\/2024\/12\/foralnewlogo-copy.webp","contentUrl":"https:\/\/foralhukuk.com\/wp-content\/uploads\/2024\/12\/foralnewlogo-copy.webp","width":800,"height":255,"caption":"Foral Hukuk ve Dan\u0131\u015fmanl\u0131k"},"image":{"@id":"https:\/\/foralhukuk.com\/#\/schema\/logo\/image\/"}}]}},"_links":{"self":[{"href":"https:\/\/foralhukuk.com\/en\/wp-json\/wp\/v2\/pages\/2976","targetHints":{"allow":["GET"]}}],"collection":[{"href":"https:\/\/foralhukuk.com\/en\/wp-json\/wp\/v2\/pages"}],"about":[{"href":"https:\/\/foralhukuk.com\/en\/wp-json\/wp\/v2\/types\/page"}],"author":[{"embeddable":true,"href":"https:\/\/foralhukuk.com\/en\/wp-json\/wp\/v2\/users\/1"}],"replies":[{"embeddable":true,"href":"https:\/\/foralhukuk.com\/en\/wp-json\/wp\/v2\/comments?post=2976"}],"version-history":[{"count":4,"href":"https:\/\/foralhukuk.com\/en\/wp-json\/wp\/v2\/pages\/2976\/revisions"}],"predecessor-version":[{"id":2982,"href":"https:\/\/foralhukuk.com\/en\/wp-json\/wp\/v2\/pages\/2976\/revisions\/2982"}],"wp:attachment":[{"href":"https:\/\/foralhukuk.com\/en\/wp-json\/wp\/v2\/media?parent=2976"}],"curies":[{"name":"wp","href":"https:\/\/api.w.org\/{rel}","templated":true}]}}