{"id":3073,"date":"2025-01-03T06:43:10","date_gmt":"2025-01-03T06:43:10","guid":{"rendered":"https:\/\/foralhukuk.com\/?page_id=3073"},"modified":"2025-01-03T06:46:15","modified_gmt":"2025-01-03T06:46:15","slug":"sozlesmeler-hukuku","status":"publish","type":"page","link":"https:\/\/foralhukuk.com\/en\/sozlesmeler-hukuku\/","title":{"rendered":"Contract Law"},"content":{"rendered":"<div data-elementor-type=\"wp-page\" data-elementor-id=\"3073\" class=\"elementor elementor-3073\">\n\t\t\t\t\t\t<section class=\"elementor-section elementor-top-section elementor-element elementor-element-7d40ad7 elementor-section-content-bottom elementor-section-boxed elementor-section-height-default elementor-section-height-default\" data-id=\"7d40ad7\" data-element_type=\"section\" data-settings=\"{&quot;wdt_bg_image&quot;:{&quot;url&quot;:&quot;&quot;,&quot;id&quot;:&quot;&quot;,&quot;size&quot;:&quot;&quot;},&quot;wdt_bg_image_laptop&quot;:{&quot;url&quot;:&quot;&quot;,&quot;id&quot;:&quot;&quot;,&quot;size&quot;:&quot;&quot;},&quot;wdt_bg_image_tablet_extra&quot;:{&quot;url&quot;:&quot;&quot;,&quot;id&quot;:&quot;&quot;,&quot;size&quot;:&quot;&quot;},&quot;wdt_bg_image_tablet&quot;:{&quot;url&quot;:&quot;&quot;,&quot;id&quot;:&quot;&quot;,&quot;size&quot;:&quot;&quot;},&quot;wdt_bg_image_mobile_extra&quot;:{&quot;url&quot;:&quot;&quot;,&quot;id&quot;:&quot;&quot;,&quot;size&quot;:&quot;&quot;},&quot;wdt_bg_image_mobile&quot;:{&quot;url&quot;:&quot;&quot;,&quot;id&quot;:&quot;&quot;,&quot;size&quot;:&quot;&quot;},&quot;wdt_bg_position&quot;:&quot;center center&quot;,&quot;wdt_animation_effect&quot;:&quot;none&quot;}\">\n\t\t\t\t\t\t<div class=\"elementor-container elementor-column-gap-default\">\n\t\t\t\t\t<div class=\"elementor-column elementor-col-50 elementor-top-column elementor-element elementor-element-91d545c\" data-id=\"91d545c\" data-element_type=\"column\">\n\t\t\t<div class=\"elementor-widget-wrap elementor-element-populated\">\n\t\t\t\t\t\t<div class=\"elementor-element elementor-element-c4d48f1 elementor-widget elementor-widget-text-editor\" data-id=\"c4d48f1\" data-element_type=\"widget\" data-settings=\"{&quot;wdt_animation_effect&quot;:&quot;none&quot;}\" data-widget_type=\"text-editor.default\">\n\t\t\t\t<div class=\"elementor-widget-container\">\n\t\t\t\t\t\t\t\t\t<p>Foral Law and Consulting provides comprehensive and professional services to its clients in the field of contract law. Contract law is a branch of law that ensures the preparation, implementation and validity of agreements between individuals and organizations within the legal framework. In commercial and personal relationships, contracts provide legal security by regulating the rights and obligations of the parties.<\/p><p>Our services include drafting and reviewing commercial contracts, service contracts, employment contracts, lease agreements, sales contracts and confidentiality agreements. We also provide strategic counseling services, including legal assistance for breaches of contract, dispute resolution and the protection of the parties' interests.<\/p>\t\t\t\t\t\t\t\t<\/div>\n\t\t\t\t<\/div>\n\t\t\t\t<section class=\"elementor-section elementor-inner-section elementor-element elementor-element-e855cc8 elementor-section-full_width elementor-section-height-default elementor-section-height-default\" data-id=\"e855cc8\" data-element_type=\"section\" data-settings=\"{&quot;wdt_bg_image&quot;:{&quot;url&quot;:&quot;&quot;,&quot;id&quot;:&quot;&quot;,&quot;size&quot;:&quot;&quot;},&quot;wdt_bg_image_laptop&quot;:{&quot;url&quot;:&quot;&quot;,&quot;id&quot;:&quot;&quot;,&quot;size&quot;:&quot;&quot;},&quot;wdt_bg_image_tablet_extra&quot;:{&quot;url&quot;:&quot;&quot;,&quot;id&quot;:&quot;&quot;,&quot;size&quot;:&quot;&quot;},&quot;wdt_bg_image_tablet&quot;:{&quot;url&quot;:&quot;&quot;,&quot;id&quot;:&quot;&quot;,&quot;size&quot;:&quot;&quot;},&quot;wdt_bg_image_mobile_extra&quot;:{&quot;url&quot;:&quot;&quot;,&quot;id&quot;:&quot;&quot;,&quot;size&quot;:&quot;&quot;},&quot;wdt_bg_image_mobile&quot;:{&quot;url&quot;:&quot;&quot;,&quot;id&quot;:&quot;&quot;,&quot;size&quot;:&quot;&quot;},&quot;wdt_bg_position&quot;:&quot;center center&quot;,&quot;wdt_animation_effect&quot;:&quot;none&quot;}\">\n\t\t\t\t\t\t<div class=\"elementor-container elementor-column-gap-default\">\n\t\t\t\t\t<div class=\"elementor-column elementor-col-100 elementor-inner-column elementor-element elementor-element-6fbf1e1\" data-id=\"6fbf1e1\" data-element_type=\"column\" data-settings=\"{&quot;background_background&quot;:&quot;classic&quot;}\">\n\t\t\t<div class=\"elementor-widget-wrap elementor-element-populated\">\n\t\t\t\t\t\t<div class=\"elementor-element elementor-element-c3c84f7 elementor-widget elementor-widget-text-editor\" data-id=\"c3c84f7\" data-element_type=\"widget\" data-settings=\"{&quot;wdt_animation_effect&quot;:&quot;none&quot;}\" data-widget_type=\"text-editor.default\">\n\t\t\t\t<div class=\"elementor-widget-container\">\n\t\t\t\t\t\t\t\t\t<p>As Foral Law and Consultancy, we are with you at all stages of your contract processes. We offer support with our expert team to minimize legal risks and create a strong environment of trust between the parties.<\/p>\t\t\t\t\t\t\t\t<\/div>\n\t\t\t\t<\/div>\n\t\t\t\t\t<\/div>\n\t\t<\/div>\n\t\t\t\t\t<\/div>\n\t\t<\/section>\n\t\t\t\t\t<\/div>\n\t\t<\/div>\n\t\t\t\t<div class=\"elementor-column elementor-col-50 elementor-top-column elementor-element elementor-element-6f1fdd9\" data-id=\"6f1fdd9\" data-element_type=\"column\">\n\t\t\t<div class=\"elementor-widget-wrap elementor-element-populated\">\n\t\t\t\t\t\t<div class=\"elementor-element elementor-element-bf849cb elementor-widget elementor-widget-image\" data-id=\"bf849cb\" data-element_type=\"widget\" data-settings=\"{&quot;wdt_animation_effect&quot;:&quot;none&quot;}\" data-widget_type=\"image.default\">\n\t\t\t\t<div class=\"elementor-widget-container\">\n\t\t\t\t\t\t\t\t\t\t\t\t\t\t\t<img fetchpriority=\"high\" decoding=\"async\" width=\"1024\" height=\"574\" src=\"https:\/\/foralhukuk.com\/wp-content\/uploads\/2025\/01\/sozlesmelerhukuku-1024x574.webp\" class=\"attachment-large size-large wp-image-3076\" alt=\"\" srcset=\"https:\/\/foralhukuk.com\/wp-content\/uploads\/2025\/01\/sozlesmelerhukuku-1024x574.webp 1024w, https:\/\/foralhukuk.com\/wp-content\/uploads\/2025\/01\/sozlesmelerhukuku-300x168.webp 300w, https:\/\/foralhukuk.com\/wp-content\/uploads\/2025\/01\/sozlesmelerhukuku-768x431.webp 768w, https:\/\/foralhukuk.com\/wp-content\/uploads\/2025\/01\/sozlesmelerhukuku-18x10.webp 18w, https:\/\/foralhukuk.com\/wp-content\/uploads\/2025\/01\/sozlesmelerhukuku.webp 1050w\" sizes=\"(max-width: 1024px) 100vw, 1024px\" \/>\t\t\t\t\t\t\t\t\t\t\t\t\t\t\t<\/div>\n\t\t\t\t<\/div>\n\t\t\t\t\t<\/div>\n\t\t<\/div>\n\t\t\t\t\t<\/div>\n\t\t<\/section>\n\t\t\t\t<\/div>","protected":false},"excerpt":{"rendered":"<p>Foral Hukuk ve Dan\u0131\u015fmanl\u0131k, s\u00f6zle\u015fmeler hukuku alan\u0131nda m\u00fcvekkillerine kapsaml\u0131 ve profesyonel hizmetler sunmaktad\u0131r. S\u00f6zle\u015fmeler hukuku, bireyler ve kurumlar aras\u0131ndaki anla\u015fmalar\u0131n haz\u0131rlanmas\u0131n\u0131, uygulanmas\u0131n\u0131 ve yasal \u00e7er\u00e7evede ge\u00e7erlili\u011fini sa\u011flayan bir hukuk dal\u0131d\u0131r. Ticari ve bireysel ili\u015fkilerde s\u00f6zle\u015fmeler, taraflar\u0131n haklar\u0131n\u0131 ve y\u00fck\u00fcml\u00fcl\u00fcklerini d\u00fczenleyerek hukuki g\u00fcvence sa\u011flar. Hizmetlerimiz aras\u0131nda ticari s\u00f6zle\u015fmeler, hizmet s\u00f6zle\u015fmeleri, i\u015f s\u00f6zle\u015fmeleri, kiralama s\u00f6zle\u015fmeleri, sat\u0131\u015f s\u00f6zle\u015fmeleri [&hellip;]<\/p>","protected":false},"author":1,"featured_media":0,"parent":0,"menu_order":0,"comment_status":"closed","ping_status":"closed","template":"elementor_header_footer","meta":{"_themeisle_gutenberg_block_has_review":false,"footnotes":""},"class_list":["post-3073","page","type-page","status-publish","hentry"],"yoast_head":"<!-- This site is optimized with the Yoast SEO plugin v24.1 - https:\/\/yoast.com\/wordpress\/plugins\/seo\/ -->\n<title>S\u00f6zle\u015fmeler Hukuku - Foral<\/title>\n<meta name=\"description\" content=\"S\u00f6zle\u015fmeler hukuku, bireyler ve kurumlar aras\u0131ndaki anla\u015fmalar\u0131n haz\u0131rlanmas\u0131n\u0131, uygulanmas\u0131n\u0131 ve yasal \u00e7er\u00e7evede ge\u00e7erlili\u011fini ...\" \/>\n<meta name=\"robots\" content=\"index, follow, max-snippet:-1, max-image-preview:large, max-video-preview:-1\" \/>\n<link rel=\"canonical\" href=\"https:\/\/foralhukuk.com\/en\/sozlesmeler-hukuku\/\" \/>\n<meta property=\"og:locale\" content=\"en_US\" \/>\n<meta property=\"og:type\" content=\"article\" \/>\n<meta property=\"og:title\" content=\"S\u00f6zle\u015fmeler Hukuku - Foral\" \/>\n<meta property=\"og:description\" content=\"S\u00f6zle\u015fmeler hukuku, bireyler ve kurumlar aras\u0131ndaki anla\u015fmalar\u0131n haz\u0131rlanmas\u0131n\u0131, uygulanmas\u0131n\u0131 ve yasal \u00e7er\u00e7evede ge\u00e7erlili\u011fini ...\" \/>\n<meta property=\"og:url\" content=\"https:\/\/foralhukuk.com\/en\/sozlesmeler-hukuku\/\" \/>\n<meta property=\"og:site_name\" content=\"Foral\" \/>\n<meta property=\"article:modified_time\" content=\"2025-01-03T06:46:15+00:00\" \/>\n<meta property=\"og:image\" content=\"https:\/\/foralhukuk.com\/wp-content\/uploads\/2025\/01\/sozlesmelerhukuku.webp\" \/>\n\t<meta property=\"og:image:width\" content=\"1050\" \/>\n\t<meta property=\"og:image:height\" content=\"589\" \/>\n\t<meta property=\"og:image:type\" content=\"image\/webp\" \/>\n<meta name=\"twitter:card\" content=\"summary_large_image\" \/>\n<meta name=\"twitter:label1\" content=\"Est. reading time\" \/>\n\t<meta name=\"twitter:data1\" content=\"1 minute\" \/>\n<script type=\"application\/ld+json\" class=\"yoast-schema-graph\">{\"@context\":\"https:\/\/schema.org\",\"@graph\":[{\"@type\":\"WebPage\",\"@id\":\"https:\/\/foralhukuk.com\/sozlesmeler-hukuku\/\",\"url\":\"https:\/\/foralhukuk.com\/sozlesmeler-hukuku\/\",\"name\":\"S\u00f6zle\u015fmeler Hukuku - Foral\",\"isPartOf\":{\"@id\":\"https:\/\/foralhukuk.com\/#website\"},\"primaryImageOfPage\":{\"@id\":\"https:\/\/foralhukuk.com\/sozlesmeler-hukuku\/#primaryimage\"},\"image\":{\"@id\":\"https:\/\/foralhukuk.com\/sozlesmeler-hukuku\/#primaryimage\"},\"thumbnailUrl\":\"https:\/\/foralhukuk.com\/wp-content\/uploads\/2025\/01\/sozlesmelerhukuku-1024x574.webp\",\"datePublished\":\"2025-01-03T06:43:10+00:00\",\"dateModified\":\"2025-01-03T06:46:15+00:00\",\"description\":\"S\u00f6zle\u015fmeler hukuku, bireyler ve kurumlar aras\u0131ndaki anla\u015fmalar\u0131n haz\u0131rlanmas\u0131n\u0131, uygulanmas\u0131n\u0131 ve yasal \u00e7er\u00e7evede ge\u00e7erlili\u011fini ...\",\"breadcrumb\":{\"@id\":\"https:\/\/foralhukuk.com\/sozlesmeler-hukuku\/#breadcrumb\"},\"inLanguage\":\"en-US\",\"potentialAction\":[{\"@type\":\"ReadAction\",\"target\":[\"https:\/\/foralhukuk.com\/sozlesmeler-hukuku\/\"]}]},{\"@type\":\"ImageObject\",\"inLanguage\":\"en-US\",\"@id\":\"https:\/\/foralhukuk.com\/sozlesmeler-hukuku\/#primaryimage\",\"url\":\"https:\/\/foralhukuk.com\/wp-content\/uploads\/2025\/01\/sozlesmelerhukuku-1024x574.webp\",\"contentUrl\":\"https:\/\/foralhukuk.com\/wp-content\/uploads\/2025\/01\/sozlesmelerhukuku-1024x574.webp\"},{\"@type\":\"BreadcrumbList\",\"@id\":\"https:\/\/foralhukuk.com\/sozlesmeler-hukuku\/#breadcrumb\",\"itemListElement\":[{\"@type\":\"ListItem\",\"position\":1,\"name\":\"Anasayfa\",\"item\":\"https:\/\/foralhukuk.com\/\"},{\"@type\":\"ListItem\",\"position\":2,\"name\":\"S\u00f6zle\u015fmeler Hukuku\"}]},{\"@type\":\"WebSite\",\"@id\":\"https:\/\/foralhukuk.com\/#website\",\"url\":\"https:\/\/foralhukuk.com\/\",\"name\":\"Foral Hukuk ve Dan\u0131\u015fmanl\u0131k\",\"description\":\"Hukuk ve Dan\u0131\u015fmanl\u0131k\",\"publisher\":{\"@id\":\"https:\/\/foralhukuk.com\/#organization\"},\"potentialAction\":[{\"@type\":\"SearchAction\",\"target\":{\"@type\":\"EntryPoint\",\"urlTemplate\":\"https:\/\/foralhukuk.com\/?s={search_term_string}\"},\"query-input\":{\"@type\":\"PropertyValueSpecification\",\"valueRequired\":true,\"valueName\":\"search_term_string\"}}],\"inLanguage\":\"en-US\"},{\"@type\":\"Organization\",\"@id\":\"https:\/\/foralhukuk.com\/#organization\",\"name\":\"Foral Hukuk ve Dan\u0131\u015fmanl\u0131k\",\"url\":\"https:\/\/foralhukuk.com\/\",\"logo\":{\"@type\":\"ImageObject\",\"inLanguage\":\"en-US\",\"@id\":\"https:\/\/foralhukuk.com\/#\/schema\/logo\/image\/\",\"url\":\"https:\/\/foralhukuk.com\/wp-content\/uploads\/2024\/12\/foralnewlogo-copy.webp\",\"contentUrl\":\"https:\/\/foralhukuk.com\/wp-content\/uploads\/2024\/12\/foralnewlogo-copy.webp\",\"width\":800,\"height\":255,\"caption\":\"Foral Hukuk ve Dan\u0131\u015fmanl\u0131k\"},\"image\":{\"@id\":\"https:\/\/foralhukuk.com\/#\/schema\/logo\/image\/\"}}]}<\/script>\n<!-- \/ Yoast SEO plugin. -->","yoast_head_json":{"title":"S\u00f6zle\u015fmeler Hukuku - Foral","description":"S\u00f6zle\u015fmeler hukuku, bireyler ve kurumlar aras\u0131ndaki anla\u015fmalar\u0131n haz\u0131rlanmas\u0131n\u0131, uygulanmas\u0131n\u0131 ve yasal \u00e7er\u00e7evede ge\u00e7erlili\u011fini ...","robots":{"index":"index","follow":"follow","max-snippet":"max-snippet:-1","max-image-preview":"max-image-preview:large","max-video-preview":"max-video-preview:-1"},"canonical":"https:\/\/foralhukuk.com\/en\/sozlesmeler-hukuku\/","og_locale":"en_US","og_type":"article","og_title":"S\u00f6zle\u015fmeler Hukuku - Foral","og_description":"S\u00f6zle\u015fmeler hukuku, bireyler ve kurumlar aras\u0131ndaki anla\u015fmalar\u0131n haz\u0131rlanmas\u0131n\u0131, uygulanmas\u0131n\u0131 ve yasal \u00e7er\u00e7evede ge\u00e7erlili\u011fini ...","og_url":"https:\/\/foralhukuk.com\/en\/sozlesmeler-hukuku\/","og_site_name":"Foral","article_modified_time":"2025-01-03T06:46:15+00:00","og_image":[{"width":1050,"height":589,"url":"https:\/\/foralhukuk.com\/wp-content\/uploads\/2025\/01\/sozlesmelerhukuku.webp","type":"image\/webp"}],"twitter_card":"summary_large_image","twitter_misc":{"Est. reading time":"1 minute"},"schema":{"@context":"https:\/\/schema.org","@graph":[{"@type":"WebPage","@id":"https:\/\/foralhukuk.com\/sozlesmeler-hukuku\/","url":"https:\/\/foralhukuk.com\/sozlesmeler-hukuku\/","name":"S\u00f6zle\u015fmeler Hukuku - Foral","isPartOf":{"@id":"https:\/\/foralhukuk.com\/#website"},"primaryImageOfPage":{"@id":"https:\/\/foralhukuk.com\/sozlesmeler-hukuku\/#primaryimage"},"image":{"@id":"https:\/\/foralhukuk.com\/sozlesmeler-hukuku\/#primaryimage"},"thumbnailUrl":"https:\/\/foralhukuk.com\/wp-content\/uploads\/2025\/01\/sozlesmelerhukuku-1024x574.webp","datePublished":"2025-01-03T06:43:10+00:00","dateModified":"2025-01-03T06:46:15+00:00","description":"S\u00f6zle\u015fmeler hukuku, bireyler ve kurumlar aras\u0131ndaki anla\u015fmalar\u0131n haz\u0131rlanmas\u0131n\u0131, uygulanmas\u0131n\u0131 ve yasal \u00e7er\u00e7evede ge\u00e7erlili\u011fini ...","breadcrumb":{"@id":"https:\/\/foralhukuk.com\/sozlesmeler-hukuku\/#breadcrumb"},"inLanguage":"en-US","potentialAction":[{"@type":"ReadAction","target":["https:\/\/foralhukuk.com\/sozlesmeler-hukuku\/"]}]},{"@type":"ImageObject","inLanguage":"en-US","@id":"https:\/\/foralhukuk.com\/sozlesmeler-hukuku\/#primaryimage","url":"https:\/\/foralhukuk.com\/wp-content\/uploads\/2025\/01\/sozlesmelerhukuku-1024x574.webp","contentUrl":"https:\/\/foralhukuk.com\/wp-content\/uploads\/2025\/01\/sozlesmelerhukuku-1024x574.webp"},{"@type":"BreadcrumbList","@id":"https:\/\/foralhukuk.com\/sozlesmeler-hukuku\/#breadcrumb","itemListElement":[{"@type":"ListItem","position":1,"name":"Anasayfa","item":"https:\/\/foralhukuk.com\/"},{"@type":"ListItem","position":2,"name":"S\u00f6zle\u015fmeler Hukuku"}]},{"@type":"WebSite","@id":"https:\/\/foralhukuk.com\/#website","url":"https:\/\/foralhukuk.com\/","name":"Foral Hukuk ve Dan\u0131\u015fmanl\u0131k","description":"Hukuk ve Dan\u0131\u015fmanl\u0131k","publisher":{"@id":"https:\/\/foralhukuk.com\/#organization"},"potentialAction":[{"@type":"SearchAction","target":{"@type":"EntryPoint","urlTemplate":"https:\/\/foralhukuk.com\/?s={search_term_string}"},"query-input":{"@type":"PropertyValueSpecification","valueRequired":true,"valueName":"search_term_string"}}],"inLanguage":"en-US"},{"@type":"Organization","@id":"https:\/\/foralhukuk.com\/#organization","name":"Foral Hukuk ve Dan\u0131\u015fmanl\u0131k","url":"https:\/\/foralhukuk.com\/","logo":{"@type":"ImageObject","inLanguage":"en-US","@id":"https:\/\/foralhukuk.com\/#\/schema\/logo\/image\/","url":"https:\/\/foralhukuk.com\/wp-content\/uploads\/2024\/12\/foralnewlogo-copy.webp","contentUrl":"https:\/\/foralhukuk.com\/wp-content\/uploads\/2024\/12\/foralnewlogo-copy.webp","width":800,"height":255,"caption":"Foral Hukuk ve Dan\u0131\u015fmanl\u0131k"},"image":{"@id":"https:\/\/foralhukuk.com\/#\/schema\/logo\/image\/"}}]}},"_links":{"self":[{"href":"https:\/\/foralhukuk.com\/en\/wp-json\/wp\/v2\/pages\/3073","targetHints":{"allow":["GET"]}}],"collection":[{"href":"https:\/\/foralhukuk.com\/en\/wp-json\/wp\/v2\/pages"}],"about":[{"href":"https:\/\/foralhukuk.com\/en\/wp-json\/wp\/v2\/types\/page"}],"author":[{"embeddable":true,"href":"https:\/\/foralhukuk.com\/en\/wp-json\/wp\/v2\/users\/1"}],"replies":[{"embeddable":true,"href":"https:\/\/foralhukuk.com\/en\/wp-json\/wp\/v2\/comments?post=3073"}],"version-history":[{"count":4,"href":"https:\/\/foralhukuk.com\/en\/wp-json\/wp\/v2\/pages\/3073\/revisions"}],"predecessor-version":[{"id":3079,"href":"https:\/\/foralhukuk.com\/en\/wp-json\/wp\/v2\/pages\/3073\/revisions\/3079"}],"wp:attachment":[{"href":"https:\/\/foralhukuk.com\/en\/wp-json\/wp\/v2\/media?parent=3073"}],"curies":[{"name":"wp","href":"https:\/\/api.w.org\/{rel}","templated":true}]}}