{"id":3125,"date":"2025-01-03T08:51:06","date_gmt":"2025-01-03T08:51:06","guid":{"rendered":"https:\/\/foralhukuk.com\/?page_id=3125"},"modified":"2025-01-03T08:53:25","modified_gmt":"2025-01-03T08:53:25","slug":"kvkk-hukuku","status":"publish","type":"page","link":"https:\/\/foralhukuk.com\/en\/kvkk-hukuku\/","title":{"rendered":"DP Law"},"content":{"rendered":"<div data-elementor-type=\"wp-page\" data-elementor-id=\"3125\" class=\"elementor elementor-3125\">\n\t\t\t\t\t\t<section class=\"elementor-section elementor-top-section elementor-element elementor-element-7d40ad7 elementor-section-content-bottom elementor-section-boxed elementor-section-height-default elementor-section-height-default\" data-id=\"7d40ad7\" data-element_type=\"section\" data-settings=\"{&quot;wdt_bg_image&quot;:{&quot;url&quot;:&quot;&quot;,&quot;id&quot;:&quot;&quot;,&quot;size&quot;:&quot;&quot;},&quot;wdt_bg_image_laptop&quot;:{&quot;url&quot;:&quot;&quot;,&quot;id&quot;:&quot;&quot;,&quot;size&quot;:&quot;&quot;},&quot;wdt_bg_image_tablet_extra&quot;:{&quot;url&quot;:&quot;&quot;,&quot;id&quot;:&quot;&quot;,&quot;size&quot;:&quot;&quot;},&quot;wdt_bg_image_tablet&quot;:{&quot;url&quot;:&quot;&quot;,&quot;id&quot;:&quot;&quot;,&quot;size&quot;:&quot;&quot;},&quot;wdt_bg_image_mobile_extra&quot;:{&quot;url&quot;:&quot;&quot;,&quot;id&quot;:&quot;&quot;,&quot;size&quot;:&quot;&quot;},&quot;wdt_bg_image_mobile&quot;:{&quot;url&quot;:&quot;&quot;,&quot;id&quot;:&quot;&quot;,&quot;size&quot;:&quot;&quot;},&quot;wdt_bg_position&quot;:&quot;center center&quot;,&quot;wdt_animation_effect&quot;:&quot;none&quot;}\">\n\t\t\t\t\t\t<div class=\"elementor-container elementor-column-gap-default\">\n\t\t\t\t\t<div class=\"elementor-column elementor-col-50 elementor-top-column elementor-element elementor-element-91d545c\" data-id=\"91d545c\" data-element_type=\"column\">\n\t\t\t<div class=\"elementor-widget-wrap elementor-element-populated\">\n\t\t\t\t\t\t<div class=\"elementor-element elementor-element-c4d48f1 elementor-widget elementor-widget-text-editor\" data-id=\"c4d48f1\" data-element_type=\"widget\" data-settings=\"{&quot;wdt_animation_effect&quot;:&quot;none&quot;}\" data-widget_type=\"text-editor.default\">\n\t\t\t\t<div class=\"elementor-widget-container\">\n\t\t\t\t\t\t\t\t\t<p>Foral Law and Consultancy provides professional and comprehensive services to its individual and corporate clients within the scope of KVKK (Personal Data Protection Law). KVKK law is an important branch of law that regulates the processing, storage, transfer and protection of personal data. In today's digital world, ensuring data security is critical to protecting the privacy of individuals and ensuring the legal compliance of businesses.<\/p><p>Our services include carrying out KVKK compliance processes, preparing personal data processing inventory, creating disclosure texts and explicit consent forms, providing legal support against data breaches and organizing trainings for data controllers. We also provide legal consultancy and defense services in audits conducted by the Personal Data Protection Authority.<\/p>\t\t\t\t\t\t\t\t<\/div>\n\t\t\t\t<\/div>\n\t\t\t\t<section class=\"elementor-section elementor-inner-section elementor-element elementor-element-e855cc8 elementor-section-full_width elementor-section-height-default elementor-section-height-default\" data-id=\"e855cc8\" data-element_type=\"section\" data-settings=\"{&quot;wdt_bg_image&quot;:{&quot;url&quot;:&quot;&quot;,&quot;id&quot;:&quot;&quot;,&quot;size&quot;:&quot;&quot;},&quot;wdt_bg_image_laptop&quot;:{&quot;url&quot;:&quot;&quot;,&quot;id&quot;:&quot;&quot;,&quot;size&quot;:&quot;&quot;},&quot;wdt_bg_image_tablet_extra&quot;:{&quot;url&quot;:&quot;&quot;,&quot;id&quot;:&quot;&quot;,&quot;size&quot;:&quot;&quot;},&quot;wdt_bg_image_tablet&quot;:{&quot;url&quot;:&quot;&quot;,&quot;id&quot;:&quot;&quot;,&quot;size&quot;:&quot;&quot;},&quot;wdt_bg_image_mobile_extra&quot;:{&quot;url&quot;:&quot;&quot;,&quot;id&quot;:&quot;&quot;,&quot;size&quot;:&quot;&quot;},&quot;wdt_bg_image_mobile&quot;:{&quot;url&quot;:&quot;&quot;,&quot;id&quot;:&quot;&quot;,&quot;size&quot;:&quot;&quot;},&quot;wdt_bg_position&quot;:&quot;center center&quot;,&quot;wdt_animation_effect&quot;:&quot;none&quot;}\">\n\t\t\t\t\t\t<div class=\"elementor-container elementor-column-gap-default\">\n\t\t\t\t\t<div class=\"elementor-column elementor-col-100 elementor-inner-column elementor-element elementor-element-6fbf1e1\" data-id=\"6fbf1e1\" data-element_type=\"column\" data-settings=\"{&quot;background_background&quot;:&quot;classic&quot;}\">\n\t\t\t<div class=\"elementor-widget-wrap elementor-element-populated\">\n\t\t\t\t\t\t<div class=\"elementor-element elementor-element-c3c84f7 elementor-widget elementor-widget-text-editor\" data-id=\"c3c84f7\" data-element_type=\"widget\" data-settings=\"{&quot;wdt_animation_effect&quot;:&quot;none&quot;}\" data-widget_type=\"text-editor.default\">\n\t\t\t\t<div class=\"elementor-widget-container\">\n\t\t\t\t\t\t\t\t\t<p>As Foral Law and Consultancy, we are at your side to ensure the legal compliance of businesses on the protection of personal data and to protect the rights of individuals.<\/p>\t\t\t\t\t\t\t\t<\/div>\n\t\t\t\t<\/div>\n\t\t\t\t\t<\/div>\n\t\t<\/div>\n\t\t\t\t\t<\/div>\n\t\t<\/section>\n\t\t\t\t\t<\/div>\n\t\t<\/div>\n\t\t\t\t<div class=\"elementor-column elementor-col-50 elementor-top-column elementor-element elementor-element-6f1fdd9\" data-id=\"6f1fdd9\" data-element_type=\"column\">\n\t\t\t<div class=\"elementor-widget-wrap elementor-element-populated\">\n\t\t\t\t\t\t<div class=\"elementor-element elementor-element-bf849cb elementor-widget elementor-widget-image\" data-id=\"bf849cb\" data-element_type=\"widget\" data-settings=\"{&quot;wdt_animation_effect&quot;:&quot;none&quot;}\" data-widget_type=\"image.default\">\n\t\t\t\t<div class=\"elementor-widget-container\">\n\t\t\t\t\t\t\t\t\t\t\t\t\t\t\t<img fetchpriority=\"high\" decoding=\"async\" width=\"1024\" height=\"569\" src=\"https:\/\/foralhukuk.com\/wp-content\/uploads\/2025\/01\/dplaw-1024x569.webp\" class=\"attachment-large size-large wp-image-3128\" alt=\"\" srcset=\"https:\/\/foralhukuk.com\/wp-content\/uploads\/2025\/01\/dplaw-1024x569.webp 1024w, https:\/\/foralhukuk.com\/wp-content\/uploads\/2025\/01\/dplaw-300x167.webp 300w, https:\/\/foralhukuk.com\/wp-content\/uploads\/2025\/01\/dplaw-768x426.webp 768w, https:\/\/foralhukuk.com\/wp-content\/uploads\/2025\/01\/dplaw-18x10.webp 18w, https:\/\/foralhukuk.com\/wp-content\/uploads\/2025\/01\/dplaw.webp 1050w\" sizes=\"(max-width: 1024px) 100vw, 1024px\" \/>\t\t\t\t\t\t\t\t\t\t\t\t\t\t\t<\/div>\n\t\t\t\t<\/div>\n\t\t\t\t\t<\/div>\n\t\t<\/div>\n\t\t\t\t\t<\/div>\n\t\t<\/section>\n\t\t\t\t<\/div>","protected":false},"excerpt":{"rendered":"<p>Foral Hukuk ve Dan\u0131\u015fmanl\u0131k, KVKK (Ki\u015fisel Verilerin Korunmas\u0131 Kanunu) kapsam\u0131nda bireysel ve kurumsal m\u00fcvekkillerine profesyonel ve kapsaml\u0131 hizmetler sunmaktad\u0131r. KVKK hukuku, ki\u015fisel verilerin i\u015flenmesi, saklanmas\u0131, aktar\u0131lmas\u0131 ve korunmas\u0131n\u0131 d\u00fczenleyen \u00f6nemli bir hukuk dal\u0131d\u0131r. G\u00fcn\u00fcm\u00fcz\u00fcn dijital d\u00fcnyas\u0131nda veri g\u00fcvenli\u011finin sa\u011flanmas\u0131, bireylerin \u00f6zel hayat\u0131n\u0131n korunmas\u0131 ve i\u015fletmelerin yasal uyumlulu\u011funu temin etmek i\u00e7in kritik bir \u00f6neme sahiptir. Hizmetlerimiz [&hellip;]<\/p>","protected":false},"author":1,"featured_media":0,"parent":0,"menu_order":0,"comment_status":"closed","ping_status":"closed","template":"elementor_header_footer","meta":{"_themeisle_gutenberg_block_has_review":false,"footnotes":""},"class_list":["post-3125","page","type-page","status-publish","hentry"],"yoast_head":"<!-- This site is optimized with the Yoast SEO plugin v24.1 - https:\/\/yoast.com\/wordpress\/plugins\/seo\/ -->\n<title>KVKK Hukuku - Foral<\/title>\n<meta name=\"description\" content=\"KVKK hukuku, ki\u015fisel verilerin i\u015flenmesi, saklanmas\u0131, aktar\u0131lmas\u0131 ve korunmas\u0131n\u0131 d\u00fczenleyen \u00f6nemli bir hukuk dal\u0131d\u0131r. G\u00fcn\u00fcm\u00fcz\u00fcn ...\" \/>\n<meta name=\"robots\" content=\"index, follow, max-snippet:-1, max-image-preview:large, max-video-preview:-1\" \/>\n<link rel=\"canonical\" href=\"https:\/\/foralhukuk.com\/en\/kvkk-hukuku\/\" \/>\n<meta property=\"og:locale\" content=\"en_US\" \/>\n<meta property=\"og:type\" content=\"article\" \/>\n<meta property=\"og:title\" content=\"KVKK Hukuku - Foral\" \/>\n<meta property=\"og:description\" content=\"KVKK hukuku, ki\u015fisel verilerin i\u015flenmesi, saklanmas\u0131, aktar\u0131lmas\u0131 ve korunmas\u0131n\u0131 d\u00fczenleyen \u00f6nemli bir hukuk dal\u0131d\u0131r. G\u00fcn\u00fcm\u00fcz\u00fcn ...\" \/>\n<meta property=\"og:url\" content=\"https:\/\/foralhukuk.com\/en\/kvkk-hukuku\/\" \/>\n<meta property=\"og:site_name\" content=\"Foral\" \/>\n<meta property=\"article:modified_time\" content=\"2025-01-03T08:53:25+00:00\" \/>\n<meta property=\"og:image\" content=\"https:\/\/foralhukuk.com\/wp-content\/uploads\/2025\/01\/dplaw.webp\" \/>\n\t<meta property=\"og:image:width\" content=\"1050\" \/>\n\t<meta property=\"og:image:height\" content=\"583\" \/>\n\t<meta property=\"og:image:type\" content=\"image\/webp\" \/>\n<meta name=\"twitter:card\" content=\"summary_large_image\" \/>\n<meta name=\"twitter:label1\" content=\"Est. reading time\" \/>\n\t<meta name=\"twitter:data1\" content=\"1 minute\" \/>\n<script type=\"application\/ld+json\" class=\"yoast-schema-graph\">{\"@context\":\"https:\/\/schema.org\",\"@graph\":[{\"@type\":\"WebPage\",\"@id\":\"https:\/\/foralhukuk.com\/kvkk-hukuku\/\",\"url\":\"https:\/\/foralhukuk.com\/kvkk-hukuku\/\",\"name\":\"KVKK Hukuku - Foral\",\"isPartOf\":{\"@id\":\"https:\/\/foralhukuk.com\/#website\"},\"primaryImageOfPage\":{\"@id\":\"https:\/\/foralhukuk.com\/kvkk-hukuku\/#primaryimage\"},\"image\":{\"@id\":\"https:\/\/foralhukuk.com\/kvkk-hukuku\/#primaryimage\"},\"thumbnailUrl\":\"https:\/\/foralhukuk.com\/wp-content\/uploads\/2025\/01\/dplaw-1024x569.webp\",\"datePublished\":\"2025-01-03T08:51:06+00:00\",\"dateModified\":\"2025-01-03T08:53:25+00:00\",\"description\":\"KVKK hukuku, ki\u015fisel verilerin i\u015flenmesi, saklanmas\u0131, aktar\u0131lmas\u0131 ve korunmas\u0131n\u0131 d\u00fczenleyen \u00f6nemli bir hukuk dal\u0131d\u0131r. G\u00fcn\u00fcm\u00fcz\u00fcn ...\",\"breadcrumb\":{\"@id\":\"https:\/\/foralhukuk.com\/kvkk-hukuku\/#breadcrumb\"},\"inLanguage\":\"en-US\",\"potentialAction\":[{\"@type\":\"ReadAction\",\"target\":[\"https:\/\/foralhukuk.com\/kvkk-hukuku\/\"]}]},{\"@type\":\"ImageObject\",\"inLanguage\":\"en-US\",\"@id\":\"https:\/\/foralhukuk.com\/kvkk-hukuku\/#primaryimage\",\"url\":\"https:\/\/foralhukuk.com\/wp-content\/uploads\/2025\/01\/dplaw-1024x569.webp\",\"contentUrl\":\"https:\/\/foralhukuk.com\/wp-content\/uploads\/2025\/01\/dplaw-1024x569.webp\"},{\"@type\":\"BreadcrumbList\",\"@id\":\"https:\/\/foralhukuk.com\/kvkk-hukuku\/#breadcrumb\",\"itemListElement\":[{\"@type\":\"ListItem\",\"position\":1,\"name\":\"Anasayfa\",\"item\":\"https:\/\/foralhukuk.com\/\"},{\"@type\":\"ListItem\",\"position\":2,\"name\":\"KVKK Hukuku\"}]},{\"@type\":\"WebSite\",\"@id\":\"https:\/\/foralhukuk.com\/#website\",\"url\":\"https:\/\/foralhukuk.com\/\",\"name\":\"Foral Hukuk ve Dan\u0131\u015fmanl\u0131k\",\"description\":\"Hukuk ve Dan\u0131\u015fmanl\u0131k\",\"publisher\":{\"@id\":\"https:\/\/foralhukuk.com\/#organization\"},\"potentialAction\":[{\"@type\":\"SearchAction\",\"target\":{\"@type\":\"EntryPoint\",\"urlTemplate\":\"https:\/\/foralhukuk.com\/?s={search_term_string}\"},\"query-input\":{\"@type\":\"PropertyValueSpecification\",\"valueRequired\":true,\"valueName\":\"search_term_string\"}}],\"inLanguage\":\"en-US\"},{\"@type\":\"Organization\",\"@id\":\"https:\/\/foralhukuk.com\/#organization\",\"name\":\"Foral Hukuk ve Dan\u0131\u015fmanl\u0131k\",\"url\":\"https:\/\/foralhukuk.com\/\",\"logo\":{\"@type\":\"ImageObject\",\"inLanguage\":\"en-US\",\"@id\":\"https:\/\/foralhukuk.com\/#\/schema\/logo\/image\/\",\"url\":\"https:\/\/foralhukuk.com\/wp-content\/uploads\/2024\/12\/foralnewlogo-copy.webp\",\"contentUrl\":\"https:\/\/foralhukuk.com\/wp-content\/uploads\/2024\/12\/foralnewlogo-copy.webp\",\"width\":800,\"height\":255,\"caption\":\"Foral Hukuk ve Dan\u0131\u015fmanl\u0131k\"},\"image\":{\"@id\":\"https:\/\/foralhukuk.com\/#\/schema\/logo\/image\/\"}}]}<\/script>\n<!-- \/ Yoast SEO plugin. -->","yoast_head_json":{"title":"KVKK Hukuku - Foral","description":"KVKK hukuku, ki\u015fisel verilerin i\u015flenmesi, saklanmas\u0131, aktar\u0131lmas\u0131 ve korunmas\u0131n\u0131 d\u00fczenleyen \u00f6nemli bir hukuk dal\u0131d\u0131r. G\u00fcn\u00fcm\u00fcz\u00fcn ...","robots":{"index":"index","follow":"follow","max-snippet":"max-snippet:-1","max-image-preview":"max-image-preview:large","max-video-preview":"max-video-preview:-1"},"canonical":"https:\/\/foralhukuk.com\/en\/kvkk-hukuku\/","og_locale":"en_US","og_type":"article","og_title":"KVKK Hukuku - Foral","og_description":"KVKK hukuku, ki\u015fisel verilerin i\u015flenmesi, saklanmas\u0131, aktar\u0131lmas\u0131 ve korunmas\u0131n\u0131 d\u00fczenleyen \u00f6nemli bir hukuk dal\u0131d\u0131r. G\u00fcn\u00fcm\u00fcz\u00fcn ...","og_url":"https:\/\/foralhukuk.com\/en\/kvkk-hukuku\/","og_site_name":"Foral","article_modified_time":"2025-01-03T08:53:25+00:00","og_image":[{"width":1050,"height":583,"url":"https:\/\/foralhukuk.com\/wp-content\/uploads\/2025\/01\/dplaw.webp","type":"image\/webp"}],"twitter_card":"summary_large_image","twitter_misc":{"Est. reading time":"1 minute"},"schema":{"@context":"https:\/\/schema.org","@graph":[{"@type":"WebPage","@id":"https:\/\/foralhukuk.com\/kvkk-hukuku\/","url":"https:\/\/foralhukuk.com\/kvkk-hukuku\/","name":"KVKK Hukuku - Foral","isPartOf":{"@id":"https:\/\/foralhukuk.com\/#website"},"primaryImageOfPage":{"@id":"https:\/\/foralhukuk.com\/kvkk-hukuku\/#primaryimage"},"image":{"@id":"https:\/\/foralhukuk.com\/kvkk-hukuku\/#primaryimage"},"thumbnailUrl":"https:\/\/foralhukuk.com\/wp-content\/uploads\/2025\/01\/dplaw-1024x569.webp","datePublished":"2025-01-03T08:51:06+00:00","dateModified":"2025-01-03T08:53:25+00:00","description":"KVKK hukuku, ki\u015fisel verilerin i\u015flenmesi, saklanmas\u0131, aktar\u0131lmas\u0131 ve korunmas\u0131n\u0131 d\u00fczenleyen \u00f6nemli bir hukuk dal\u0131d\u0131r. G\u00fcn\u00fcm\u00fcz\u00fcn ...","breadcrumb":{"@id":"https:\/\/foralhukuk.com\/kvkk-hukuku\/#breadcrumb"},"inLanguage":"en-US","potentialAction":[{"@type":"ReadAction","target":["https:\/\/foralhukuk.com\/kvkk-hukuku\/"]}]},{"@type":"ImageObject","inLanguage":"en-US","@id":"https:\/\/foralhukuk.com\/kvkk-hukuku\/#primaryimage","url":"https:\/\/foralhukuk.com\/wp-content\/uploads\/2025\/01\/dplaw-1024x569.webp","contentUrl":"https:\/\/foralhukuk.com\/wp-content\/uploads\/2025\/01\/dplaw-1024x569.webp"},{"@type":"BreadcrumbList","@id":"https:\/\/foralhukuk.com\/kvkk-hukuku\/#breadcrumb","itemListElement":[{"@type":"ListItem","position":1,"name":"Anasayfa","item":"https:\/\/foralhukuk.com\/"},{"@type":"ListItem","position":2,"name":"KVKK Hukuku"}]},{"@type":"WebSite","@id":"https:\/\/foralhukuk.com\/#website","url":"https:\/\/foralhukuk.com\/","name":"Foral Hukuk ve Dan\u0131\u015fmanl\u0131k","description":"Hukuk ve Dan\u0131\u015fmanl\u0131k","publisher":{"@id":"https:\/\/foralhukuk.com\/#organization"},"potentialAction":[{"@type":"SearchAction","target":{"@type":"EntryPoint","urlTemplate":"https:\/\/foralhukuk.com\/?s={search_term_string}"},"query-input":{"@type":"PropertyValueSpecification","valueRequired":true,"valueName":"search_term_string"}}],"inLanguage":"en-US"},{"@type":"Organization","@id":"https:\/\/foralhukuk.com\/#organization","name":"Foral Hukuk ve Dan\u0131\u015fmanl\u0131k","url":"https:\/\/foralhukuk.com\/","logo":{"@type":"ImageObject","inLanguage":"en-US","@id":"https:\/\/foralhukuk.com\/#\/schema\/logo\/image\/","url":"https:\/\/foralhukuk.com\/wp-content\/uploads\/2024\/12\/foralnewlogo-copy.webp","contentUrl":"https:\/\/foralhukuk.com\/wp-content\/uploads\/2024\/12\/foralnewlogo-copy.webp","width":800,"height":255,"caption":"Foral Hukuk ve Dan\u0131\u015fmanl\u0131k"},"image":{"@id":"https:\/\/foralhukuk.com\/#\/schema\/logo\/image\/"}}]}},"_links":{"self":[{"href":"https:\/\/foralhukuk.com\/en\/wp-json\/wp\/v2\/pages\/3125","targetHints":{"allow":["GET"]}}],"collection":[{"href":"https:\/\/foralhukuk.com\/en\/wp-json\/wp\/v2\/pages"}],"about":[{"href":"https:\/\/foralhukuk.com\/en\/wp-json\/wp\/v2\/types\/page"}],"author":[{"embeddable":true,"href":"https:\/\/foralhukuk.com\/en\/wp-json\/wp\/v2\/users\/1"}],"replies":[{"embeddable":true,"href":"https:\/\/foralhukuk.com\/en\/wp-json\/wp\/v2\/comments?post=3125"}],"version-history":[{"count":4,"href":"https:\/\/foralhukuk.com\/en\/wp-json\/wp\/v2\/pages\/3125\/revisions"}],"predecessor-version":[{"id":3131,"href":"https:\/\/foralhukuk.com\/en\/wp-json\/wp\/v2\/pages\/3125\/revisions\/3131"}],"wp:attachment":[{"href":"https:\/\/foralhukuk.com\/en\/wp-json\/wp\/v2\/media?parent=3125"}],"curies":[{"name":"wp","href":"https:\/\/api.w.org\/{rel}","templated":true}]}}