{"id":3139,"date":"2025-01-03T08:57:24","date_gmt":"2025-01-03T08:57:24","guid":{"rendered":"https:\/\/foralhukuk.com\/?page_id=3139"},"modified":"2025-01-03T08:58:52","modified_gmt":"2025-01-03T08:58:52","slug":"is-hukuku","status":"publish","type":"page","link":"https:\/\/foralhukuk.com\/en\/is-hukuku\/","title":{"rendered":"Labor Law"},"content":{"rendered":"<div data-elementor-type=\"wp-page\" data-elementor-id=\"3139\" class=\"elementor elementor-3139\">\n\t\t\t\t\t\t<section class=\"elementor-section elementor-top-section elementor-element elementor-element-7d40ad7 elementor-section-content-bottom elementor-section-boxed elementor-section-height-default elementor-section-height-default\" data-id=\"7d40ad7\" data-element_type=\"section\" data-settings=\"{&quot;wdt_bg_image&quot;:{&quot;url&quot;:&quot;&quot;,&quot;id&quot;:&quot;&quot;,&quot;size&quot;:&quot;&quot;},&quot;wdt_bg_image_laptop&quot;:{&quot;url&quot;:&quot;&quot;,&quot;id&quot;:&quot;&quot;,&quot;size&quot;:&quot;&quot;},&quot;wdt_bg_image_tablet_extra&quot;:{&quot;url&quot;:&quot;&quot;,&quot;id&quot;:&quot;&quot;,&quot;size&quot;:&quot;&quot;},&quot;wdt_bg_image_tablet&quot;:{&quot;url&quot;:&quot;&quot;,&quot;id&quot;:&quot;&quot;,&quot;size&quot;:&quot;&quot;},&quot;wdt_bg_image_mobile_extra&quot;:{&quot;url&quot;:&quot;&quot;,&quot;id&quot;:&quot;&quot;,&quot;size&quot;:&quot;&quot;},&quot;wdt_bg_image_mobile&quot;:{&quot;url&quot;:&quot;&quot;,&quot;id&quot;:&quot;&quot;,&quot;size&quot;:&quot;&quot;},&quot;wdt_bg_position&quot;:&quot;center center&quot;,&quot;wdt_animation_effect&quot;:&quot;none&quot;}\">\n\t\t\t\t\t\t<div class=\"elementor-container elementor-column-gap-default\">\n\t\t\t\t\t<div class=\"elementor-column elementor-col-50 elementor-top-column elementor-element elementor-element-91d545c\" data-id=\"91d545c\" data-element_type=\"column\">\n\t\t\t<div class=\"elementor-widget-wrap elementor-element-populated\">\n\t\t\t\t\t\t<div class=\"elementor-element elementor-element-c4d48f1 elementor-widget elementor-widget-text-editor\" data-id=\"c4d48f1\" data-element_type=\"widget\" data-settings=\"{&quot;wdt_animation_effect&quot;:&quot;none&quot;}\" data-widget_type=\"text-editor.default\">\n\t\t\t\t<div class=\"elementor-widget-container\">\n\t\t\t\t\t\t\t\t\t<p>Foral Law and Consultancy provides professional and comprehensive services to individual and corporate clients in the field of labor law. Labor law is a branch of law that regulates the relations between employees and employers and places the rights and obligations of the parties within a legal framework. This field is of great importance in terms of ensuring order in the workplace and protecting the mutual responsibilities of the parties.<\/p><p>Our services include drafting and reviewing employment contracts, protecting employee rights, providing legal support during dismissal or resignation processes, and following up overtime and severance pay cases. We also provide legal consultancy services regarding work accidents, mobbing cases and collective labor agreements.<\/p>\t\t\t\t\t\t\t\t<\/div>\n\t\t\t\t<\/div>\n\t\t\t\t<section class=\"elementor-section elementor-inner-section elementor-element elementor-element-e855cc8 elementor-section-full_width elementor-section-height-default elementor-section-height-default\" data-id=\"e855cc8\" data-element_type=\"section\" data-settings=\"{&quot;wdt_bg_image&quot;:{&quot;url&quot;:&quot;&quot;,&quot;id&quot;:&quot;&quot;,&quot;size&quot;:&quot;&quot;},&quot;wdt_bg_image_laptop&quot;:{&quot;url&quot;:&quot;&quot;,&quot;id&quot;:&quot;&quot;,&quot;size&quot;:&quot;&quot;},&quot;wdt_bg_image_tablet_extra&quot;:{&quot;url&quot;:&quot;&quot;,&quot;id&quot;:&quot;&quot;,&quot;size&quot;:&quot;&quot;},&quot;wdt_bg_image_tablet&quot;:{&quot;url&quot;:&quot;&quot;,&quot;id&quot;:&quot;&quot;,&quot;size&quot;:&quot;&quot;},&quot;wdt_bg_image_mobile_extra&quot;:{&quot;url&quot;:&quot;&quot;,&quot;id&quot;:&quot;&quot;,&quot;size&quot;:&quot;&quot;},&quot;wdt_bg_image_mobile&quot;:{&quot;url&quot;:&quot;&quot;,&quot;id&quot;:&quot;&quot;,&quot;size&quot;:&quot;&quot;},&quot;wdt_bg_position&quot;:&quot;center center&quot;,&quot;wdt_animation_effect&quot;:&quot;none&quot;}\">\n\t\t\t\t\t\t<div class=\"elementor-container elementor-column-gap-default\">\n\t\t\t\t\t<div class=\"elementor-column elementor-col-100 elementor-inner-column elementor-element elementor-element-6fbf1e1\" data-id=\"6fbf1e1\" data-element_type=\"column\" data-settings=\"{&quot;background_background&quot;:&quot;classic&quot;}\">\n\t\t\t<div class=\"elementor-widget-wrap elementor-element-populated\">\n\t\t\t\t\t\t<div class=\"elementor-element elementor-element-c3c84f7 elementor-widget elementor-widget-text-editor\" data-id=\"c3c84f7\" data-element_type=\"widget\" data-settings=\"{&quot;wdt_animation_effect&quot;:&quot;none&quot;}\" data-widget_type=\"text-editor.default\">\n\t\t\t\t<div class=\"elementor-widget-container\">\n\t\t\t\t\t\t\t\t\t<p>As Foral Law and Consultancy, we are at your side to protect the rights of employees and employers in the best way and to provide effective solutions to our clients in labor law processes.<\/p>\t\t\t\t\t\t\t\t<\/div>\n\t\t\t\t<\/div>\n\t\t\t\t\t<\/div>\n\t\t<\/div>\n\t\t\t\t\t<\/div>\n\t\t<\/section>\n\t\t\t\t\t<\/div>\n\t\t<\/div>\n\t\t\t\t<div class=\"elementor-column elementor-col-50 elementor-top-column elementor-element elementor-element-6f1fdd9\" data-id=\"6f1fdd9\" data-element_type=\"column\">\n\t\t\t<div class=\"elementor-widget-wrap elementor-element-populated\">\n\t\t\t\t\t\t<div class=\"elementor-element elementor-element-bf849cb elementor-widget elementor-widget-image\" data-id=\"bf849cb\" data-element_type=\"widget\" data-settings=\"{&quot;wdt_animation_effect&quot;:&quot;none&quot;}\" data-widget_type=\"image.default\">\n\t\t\t\t<div class=\"elementor-widget-container\">\n\t\t\t\t\t\t\t\t\t\t\t\t\t\t\t<img fetchpriority=\"high\" decoding=\"async\" width=\"1024\" height=\"533\" src=\"https:\/\/foralhukuk.com\/wp-content\/uploads\/2025\/01\/ishukuken.webp\" class=\"attachment-large size-large wp-image-3142\" alt=\"\" srcset=\"https:\/\/foralhukuk.com\/wp-content\/uploads\/2025\/01\/ishukuken.webp 1051w, https:\/\/foralhukuk.com\/wp-content\/uploads\/2025\/01\/ishukuken-300x169.webp 300w, https:\/\/foralhukuk.com\/wp-content\/uploads\/2025\/01\/ishukuken-1024x577.webp 1024w, https:\/\/foralhukuk.com\/wp-content\/uploads\/2025\/01\/ishukuken-768x433.webp 768w, https:\/\/foralhukuk.com\/wp-content\/uploads\/2025\/01\/ishukuken-18x10.webp 18w\" sizes=\"(max-width: 1024px) 100vw, 1024px\" \/>\t\t\t\t\t\t\t\t\t\t\t\t\t\t\t<\/div>\n\t\t\t\t<\/div>\n\t\t\t\t\t<\/div>\n\t\t<\/div>\n\t\t\t\t\t<\/div>\n\t\t<\/section>\n\t\t\t\t<\/div>","protected":false},"excerpt":{"rendered":"<p>Foral Hukuk ve Dan\u0131\u015fmanl\u0131k, i\u015f hukuku alan\u0131nda bireysel ve kurumsal m\u00fcvekkillerine profesyonel ve kapsaml\u0131 hizmetler sunmaktad\u0131r. \u0130\u015f hukuku, i\u015f\u00e7i ve i\u015fveren aras\u0131ndaki ili\u015fkileri d\u00fczenleyen ve taraflar\u0131n haklar\u0131n\u0131, y\u00fck\u00fcml\u00fcl\u00fcklerini yasal bir \u00e7er\u00e7eveye oturtan bir hukuk dal\u0131d\u0131r. Bu alan, i\u015f yerindeki d\u00fczenin sa\u011flanmas\u0131 ve taraflar\u0131n kar\u015f\u0131l\u0131kl\u0131 sorumluluklar\u0131n\u0131n korunmas\u0131 a\u00e7\u0131s\u0131ndan b\u00fcy\u00fck bir \u00f6neme sahiptir. Hizmetlerimiz aras\u0131nda i\u015f s\u00f6zle\u015fmelerinin [&hellip;]<\/p>","protected":false},"author":1,"featured_media":0,"parent":0,"menu_order":0,"comment_status":"closed","ping_status":"closed","template":"elementor_header_footer","meta":{"_themeisle_gutenberg_block_has_review":false,"footnotes":""},"class_list":["post-3139","page","type-page","status-publish","hentry"],"yoast_head":"<!-- This site is optimized with the Yoast SEO plugin v24.1 - https:\/\/yoast.com\/wordpress\/plugins\/seo\/ -->\n<title>\u0130\u015f Hukuku - Foral<\/title>\n<meta name=\"description\" content=\"\u0130\u015f hukuku, i\u015f\u00e7i ve i\u015fveren aras\u0131ndaki ili\u015fkileri d\u00fczenleyen ve taraflar\u0131n haklar\u0131n\u0131, y\u00fck\u00fcml\u00fcl\u00fcklerini yasal bir \u00e7er\u00e7eveye oturtan bir ...\" \/>\n<meta name=\"robots\" content=\"index, follow, max-snippet:-1, max-image-preview:large, max-video-preview:-1\" \/>\n<link rel=\"canonical\" href=\"https:\/\/foralhukuk.com\/en\/is-hukuku\/\" \/>\n<meta property=\"og:locale\" content=\"en_US\" \/>\n<meta property=\"og:type\" content=\"article\" \/>\n<meta property=\"og:title\" content=\"\u0130\u015f Hukuku - Foral\" \/>\n<meta property=\"og:description\" content=\"\u0130\u015f hukuku, i\u015f\u00e7i ve i\u015fveren aras\u0131ndaki ili\u015fkileri d\u00fczenleyen ve taraflar\u0131n haklar\u0131n\u0131, y\u00fck\u00fcml\u00fcl\u00fcklerini yasal bir \u00e7er\u00e7eveye oturtan bir ...\" \/>\n<meta property=\"og:url\" content=\"https:\/\/foralhukuk.com\/en\/is-hukuku\/\" \/>\n<meta property=\"og:site_name\" content=\"Foral\" \/>\n<meta property=\"article:modified_time\" content=\"2025-01-03T08:58:52+00:00\" \/>\n<meta property=\"og:image\" content=\"https:\/\/foralhukuk.com\/wp-content\/uploads\/2025\/01\/ishukuk.webp\" \/>\n\t<meta property=\"og:image:width\" content=\"1053\" \/>\n\t<meta property=\"og:image:height\" content=\"548\" \/>\n\t<meta property=\"og:image:type\" content=\"image\/webp\" \/>\n<meta name=\"twitter:card\" content=\"summary_large_image\" \/>\n<meta name=\"twitter:label1\" content=\"Est. reading time\" \/>\n\t<meta name=\"twitter:data1\" content=\"1 minute\" \/>\n<script type=\"application\/ld+json\" class=\"yoast-schema-graph\">{\"@context\":\"https:\/\/schema.org\",\"@graph\":[{\"@type\":\"WebPage\",\"@id\":\"https:\/\/foralhukuk.com\/is-hukuku\/\",\"url\":\"https:\/\/foralhukuk.com\/is-hukuku\/\",\"name\":\"\u0130\u015f Hukuku - Foral\",\"isPartOf\":{\"@id\":\"https:\/\/foralhukuk.com\/#website\"},\"primaryImageOfPage\":{\"@id\":\"https:\/\/foralhukuk.com\/is-hukuku\/#primaryimage\"},\"image\":{\"@id\":\"https:\/\/foralhukuk.com\/is-hukuku\/#primaryimage\"},\"thumbnailUrl\":\"https:\/\/foralhukuk.com\/wp-content\/uploads\/2025\/01\/ishukuk-1024x533.webp\",\"datePublished\":\"2025-01-03T08:57:24+00:00\",\"dateModified\":\"2025-01-03T08:58:52+00:00\",\"description\":\"\u0130\u015f hukuku, i\u015f\u00e7i ve i\u015fveren aras\u0131ndaki ili\u015fkileri d\u00fczenleyen ve taraflar\u0131n haklar\u0131n\u0131, y\u00fck\u00fcml\u00fcl\u00fcklerini yasal bir \u00e7er\u00e7eveye oturtan bir ...\",\"breadcrumb\":{\"@id\":\"https:\/\/foralhukuk.com\/is-hukuku\/#breadcrumb\"},\"inLanguage\":\"en-US\",\"potentialAction\":[{\"@type\":\"ReadAction\",\"target\":[\"https:\/\/foralhukuk.com\/is-hukuku\/\"]}]},{\"@type\":\"ImageObject\",\"inLanguage\":\"en-US\",\"@id\":\"https:\/\/foralhukuk.com\/is-hukuku\/#primaryimage\",\"url\":\"https:\/\/foralhukuk.com\/wp-content\/uploads\/2025\/01\/ishukuk-1024x533.webp\",\"contentUrl\":\"https:\/\/foralhukuk.com\/wp-content\/uploads\/2025\/01\/ishukuk-1024x533.webp\"},{\"@type\":\"BreadcrumbList\",\"@id\":\"https:\/\/foralhukuk.com\/is-hukuku\/#breadcrumb\",\"itemListElement\":[{\"@type\":\"ListItem\",\"position\":1,\"name\":\"Anasayfa\",\"item\":\"https:\/\/foralhukuk.com\/\"},{\"@type\":\"ListItem\",\"position\":2,\"name\":\"\u0130\u015f Hukuku\"}]},{\"@type\":\"WebSite\",\"@id\":\"https:\/\/foralhukuk.com\/#website\",\"url\":\"https:\/\/foralhukuk.com\/\",\"name\":\"Foral Hukuk ve Dan\u0131\u015fmanl\u0131k\",\"description\":\"Hukuk ve Dan\u0131\u015fmanl\u0131k\",\"publisher\":{\"@id\":\"https:\/\/foralhukuk.com\/#organization\"},\"potentialAction\":[{\"@type\":\"SearchAction\",\"target\":{\"@type\":\"EntryPoint\",\"urlTemplate\":\"https:\/\/foralhukuk.com\/?s={search_term_string}\"},\"query-input\":{\"@type\":\"PropertyValueSpecification\",\"valueRequired\":true,\"valueName\":\"search_term_string\"}}],\"inLanguage\":\"en-US\"},{\"@type\":\"Organization\",\"@id\":\"https:\/\/foralhukuk.com\/#organization\",\"name\":\"Foral Hukuk ve Dan\u0131\u015fmanl\u0131k\",\"url\":\"https:\/\/foralhukuk.com\/\",\"logo\":{\"@type\":\"ImageObject\",\"inLanguage\":\"en-US\",\"@id\":\"https:\/\/foralhukuk.com\/#\/schema\/logo\/image\/\",\"url\":\"https:\/\/foralhukuk.com\/wp-content\/uploads\/2024\/12\/foralnewlogo-copy.webp\",\"contentUrl\":\"https:\/\/foralhukuk.com\/wp-content\/uploads\/2024\/12\/foralnewlogo-copy.webp\",\"width\":800,\"height\":255,\"caption\":\"Foral Hukuk ve Dan\u0131\u015fmanl\u0131k\"},\"image\":{\"@id\":\"https:\/\/foralhukuk.com\/#\/schema\/logo\/image\/\"}}]}<\/script>\n<!-- \/ Yoast SEO plugin. -->","yoast_head_json":{"title":"\u0130\u015f Hukuku - Foral","description":"\u0130\u015f hukuku, i\u015f\u00e7i ve i\u015fveren aras\u0131ndaki ili\u015fkileri d\u00fczenleyen ve taraflar\u0131n haklar\u0131n\u0131, y\u00fck\u00fcml\u00fcl\u00fcklerini yasal bir \u00e7er\u00e7eveye oturtan bir ...","robots":{"index":"index","follow":"follow","max-snippet":"max-snippet:-1","max-image-preview":"max-image-preview:large","max-video-preview":"max-video-preview:-1"},"canonical":"https:\/\/foralhukuk.com\/en\/is-hukuku\/","og_locale":"en_US","og_type":"article","og_title":"\u0130\u015f Hukuku - Foral","og_description":"\u0130\u015f hukuku, i\u015f\u00e7i ve i\u015fveren aras\u0131ndaki ili\u015fkileri d\u00fczenleyen ve taraflar\u0131n haklar\u0131n\u0131, y\u00fck\u00fcml\u00fcl\u00fcklerini yasal bir \u00e7er\u00e7eveye oturtan bir ...","og_url":"https:\/\/foralhukuk.com\/en\/is-hukuku\/","og_site_name":"Foral","article_modified_time":"2025-01-03T08:58:52+00:00","og_image":[{"width":1053,"height":548,"url":"https:\/\/foralhukuk.com\/wp-content\/uploads\/2025\/01\/ishukuk.webp","type":"image\/webp"}],"twitter_card":"summary_large_image","twitter_misc":{"Est. reading time":"1 minute"},"schema":{"@context":"https:\/\/schema.org","@graph":[{"@type":"WebPage","@id":"https:\/\/foralhukuk.com\/is-hukuku\/","url":"https:\/\/foralhukuk.com\/is-hukuku\/","name":"\u0130\u015f Hukuku - Foral","isPartOf":{"@id":"https:\/\/foralhukuk.com\/#website"},"primaryImageOfPage":{"@id":"https:\/\/foralhukuk.com\/is-hukuku\/#primaryimage"},"image":{"@id":"https:\/\/foralhukuk.com\/is-hukuku\/#primaryimage"},"thumbnailUrl":"https:\/\/foralhukuk.com\/wp-content\/uploads\/2025\/01\/ishukuk-1024x533.webp","datePublished":"2025-01-03T08:57:24+00:00","dateModified":"2025-01-03T08:58:52+00:00","description":"\u0130\u015f hukuku, i\u015f\u00e7i ve i\u015fveren aras\u0131ndaki ili\u015fkileri d\u00fczenleyen ve taraflar\u0131n haklar\u0131n\u0131, y\u00fck\u00fcml\u00fcl\u00fcklerini yasal bir \u00e7er\u00e7eveye oturtan bir ...","breadcrumb":{"@id":"https:\/\/foralhukuk.com\/is-hukuku\/#breadcrumb"},"inLanguage":"en-US","potentialAction":[{"@type":"ReadAction","target":["https:\/\/foralhukuk.com\/is-hukuku\/"]}]},{"@type":"ImageObject","inLanguage":"en-US","@id":"https:\/\/foralhukuk.com\/is-hukuku\/#primaryimage","url":"https:\/\/foralhukuk.com\/wp-content\/uploads\/2025\/01\/ishukuk-1024x533.webp","contentUrl":"https:\/\/foralhukuk.com\/wp-content\/uploads\/2025\/01\/ishukuk-1024x533.webp"},{"@type":"BreadcrumbList","@id":"https:\/\/foralhukuk.com\/is-hukuku\/#breadcrumb","itemListElement":[{"@type":"ListItem","position":1,"name":"Anasayfa","item":"https:\/\/foralhukuk.com\/"},{"@type":"ListItem","position":2,"name":"\u0130\u015f Hukuku"}]},{"@type":"WebSite","@id":"https:\/\/foralhukuk.com\/#website","url":"https:\/\/foralhukuk.com\/","name":"Foral Hukuk ve Dan\u0131\u015fmanl\u0131k","description":"Hukuk ve Dan\u0131\u015fmanl\u0131k","publisher":{"@id":"https:\/\/foralhukuk.com\/#organization"},"potentialAction":[{"@type":"SearchAction","target":{"@type":"EntryPoint","urlTemplate":"https:\/\/foralhukuk.com\/?s={search_term_string}"},"query-input":{"@type":"PropertyValueSpecification","valueRequired":true,"valueName":"search_term_string"}}],"inLanguage":"en-US"},{"@type":"Organization","@id":"https:\/\/foralhukuk.com\/#organization","name":"Foral Hukuk ve Dan\u0131\u015fmanl\u0131k","url":"https:\/\/foralhukuk.com\/","logo":{"@type":"ImageObject","inLanguage":"en-US","@id":"https:\/\/foralhukuk.com\/#\/schema\/logo\/image\/","url":"https:\/\/foralhukuk.com\/wp-content\/uploads\/2024\/12\/foralnewlogo-copy.webp","contentUrl":"https:\/\/foralhukuk.com\/wp-content\/uploads\/2024\/12\/foralnewlogo-copy.webp","width":800,"height":255,"caption":"Foral Hukuk ve Dan\u0131\u015fmanl\u0131k"},"image":{"@id":"https:\/\/foralhukuk.com\/#\/schema\/logo\/image\/"}}]}},"_links":{"self":[{"href":"https:\/\/foralhukuk.com\/en\/wp-json\/wp\/v2\/pages\/3139","targetHints":{"allow":["GET"]}}],"collection":[{"href":"https:\/\/foralhukuk.com\/en\/wp-json\/wp\/v2\/pages"}],"about":[{"href":"https:\/\/foralhukuk.com\/en\/wp-json\/wp\/v2\/types\/page"}],"author":[{"embeddable":true,"href":"https:\/\/foralhukuk.com\/en\/wp-json\/wp\/v2\/users\/1"}],"replies":[{"embeddable":true,"href":"https:\/\/foralhukuk.com\/en\/wp-json\/wp\/v2\/comments?post=3139"}],"version-history":[{"count":4,"href":"https:\/\/foralhukuk.com\/en\/wp-json\/wp\/v2\/pages\/3139\/revisions"}],"predecessor-version":[{"id":3145,"href":"https:\/\/foralhukuk.com\/en\/wp-json\/wp\/v2\/pages\/3139\/revisions\/3145"}],"wp:attachment":[{"href":"https:\/\/foralhukuk.com\/en\/wp-json\/wp\/v2\/media?parent=3139"}],"curies":[{"name":"wp","href":"https:\/\/api.w.org\/{rel}","templated":true}]}}